{"id":1012,"date":"2021-04-30T17:57:53","date_gmt":"2021-04-30T17:57:53","guid":{"rendered":"https:\/\/dlmm.library.jhu.edu\/?page_id=1012"},"modified":"2021-05-03T20:20:58","modified_gmt":"2021-05-03T20:20:58","slug":"qui-est-christine-de-pizan","status":"publish","type":"page","link":"https:\/\/dlmm.library.jhu.edu\/fr\/christine-de-pizan\/qui-est-christine-de-pizan\/","title":{"rendered":"Qui est Christine de Pizan ?"},"content":{"rendered":"<div class=\"wpb-content-wrapper\"><p>[vc_row][vc_column][vc_column_text]\u00ab\u00a0Christine de Pizan n\u2019\u00e9tait pas une femme ordinaire\u00a0\u00bb \u00e9crivit Charity Cannon Willard dans un de ses nombreux ouvrages sur cette auteure fran\u00e7aise de la fin du Moyen-\u00c2ge (The Writings of Christine de Pizan, New York: Persea Books, 1993; ix). Et de continuer\u00a0: \u00ab\u00a0A l\u2019\u00e9poque o\u00f9 elle \u00e9crivait, elle \u00e9tait tout simplement ph\u00e9nom\u00e9nale, mais au regard de l\u2019ampleur et de la vari\u00e9t\u00e9 de son \u0153uvre, elle aurait \u00e9t\u00e9 impressionnante \u00e0 n\u2019importe quelle \u00e9poque\u00a0\u00bb (ibid\u00a0; IX). N\u00e9e \u00e0 Venise en 1364, Christine de Pizan a pass\u00e9 presque toute sa vie \u00e0 la cour du roi Charles V et de son successeur, Charles VI.<\/p>\n<p>Etant l\u2019une des premi\u00e8res femmes de lettres de son pays adoptif et, qui plus est, l\u2019une des plus prolifiques, elle est souvent consid\u00e9r\u00e9e comme \u00e9tant l\u2019une des auteures cl\u00e9 de l\u2019Europe de la fin du Moyen-\u00c2ge. Son \u0153uvre refl\u00e8te des questions importantes et vari\u00e9es sur les aspects socio-politiques, th\u00e9ologiques, culturels, f\u00e9ministes et \u00e9ducationnels de son \u00e9poque. Elle \u00e9crivait de la po\u00e9sie, a \u00e9t\u00e9 commissionn\u00e9e d\u2019\u00e9crire la biographie du roi et a r\u00e9dig\u00e9 un trait\u00e9 d\u00e9taill\u00e9 sur la guerre et l\u2019utilisation des armes. Elle s\u2019est engag\u00e9 dans un long et audacieux d\u00e9bat \u00e9pistolaire \u00e0 propos du c\u00e9l\u00e8bre <em>Roman de la rose<\/em> et d\u00e9fia les visions misogynes de ses homologues masculins. Son dernier ouvrage, \u00e9crit au cours de l\u2019\u00e9t\u00e9 1429, soit l\u2019apog\u00e9e de la Guerre de Cent Ans entre l\u2019Angleterre et la France, fut une tentative vaillante de rappeler les deux arm\u00e9es \u00e0 la raison et d\u2019attirer l\u2019attention sur la jeune Jeanne d\u2019Arc comme potentielle sauveuse de son pays fractionn\u00e9 et divis\u00e9. Christine de Pizan mourut deux ans plus tard entre 1430 et 1432, laissant derri\u00e8re elle quantit\u00e9 d\u2019\u00e9crits en prose et en vers qui ont presque tous \u00e9t\u00e9 r\u00e9\u00e9dit\u00e9s et traduits en fran\u00e7ais moderne, en anglais et d\u2019autres langues.[\/vc_column_text][\/vc_column][\/vc_row]<\/p>\n<\/div>","protected":false},"excerpt":{"rendered":"<p>[vc_row][vc_column][vc_column_text]\u00ab\u00a0Christine de Pizan n\u2019\u00e9tait pas une femme ordinaire\u00a0\u00bb \u00e9crivit Charity Cannon Willard dans un de ses nombreux ouvrages sur cette auteure fran\u00e7aise de la fin du Moyen-\u00c2ge (The Writings of [&hellip;]<\/p>\n","protected":false},"author":45,"featured_media":0,"parent":947,"menu_order":1,"comment_status":"closed","ping_status":"closed","template":"","meta":{"_acf_changed":false,"footnotes":""},"class_list":["post-1012","page","type-page","status-publish","hentry"],"acf":[],"_links":{"self":[{"href":"https:\/\/dlmm.library.jhu.edu\/fr\/wp-json\/wp\/v2\/pages\/1012","targetHints":{"allow":["GET"]}}],"collection":[{"href":"https:\/\/dlmm.library.jhu.edu\/fr\/wp-json\/wp\/v2\/pages"}],"about":[{"href":"https:\/\/dlmm.library.jhu.edu\/fr\/wp-json\/wp\/v2\/types\/page"}],"author":[{"embeddable":true,"href":"https:\/\/dlmm.library.jhu.edu\/fr\/wp-json\/wp\/v2\/users\/45"}],"replies":[{"embeddable":true,"href":"https:\/\/dlmm.library.jhu.edu\/fr\/wp-json\/wp\/v2\/comments?post=1012"}],"version-history":[{"count":2,"href":"https:\/\/dlmm.library.jhu.edu\/fr\/wp-json\/wp\/v2\/pages\/1012\/revisions"}],"predecessor-version":[{"id":1062,"href":"https:\/\/dlmm.library.jhu.edu\/fr\/wp-json\/wp\/v2\/pages\/1012\/revisions\/1062"}],"up":[{"embeddable":true,"href":"https:\/\/dlmm.library.jhu.edu\/fr\/wp-json\/wp\/v2\/pages\/947"}],"wp:attachment":[{"href":"https:\/\/dlmm.library.jhu.edu\/fr\/wp-json\/wp\/v2\/media?parent=1012"}],"curies":[{"name":"wp","href":"https:\/\/api.w.org\/{rel}","templated":true}]}}