{"id":1014,"date":"2021-04-30T17:59:20","date_gmt":"2021-04-30T17:59:20","guid":{"rendered":"https:\/\/dlmm.library.jhu.edu\/?page_id=1014"},"modified":"2021-05-03T20:21:30","modified_gmt":"2021-05-03T20:21:30","slug":"oeuvres","status":"publish","type":"page","link":"https:\/\/dlmm.library.jhu.edu\/fr\/christine-de-pizan\/oeuvres\/","title":{"rendered":"\u0152uvres"},"content":{"rendered":"<div class=\"wpb-content-wrapper\"><p>[vc_row][vc_column][vc_column_text]Un tableau listant les \u0153uvres de Christine de Pizan se trouve dans ce <a href=\"https:\/\/docs.google.com\/spreadsheets\/d\/192vWLddOG18962Yp6H9CjIbealvF5M0oZoqgUxx6DlE\/edit?usp=sharing\">Tableur Google<\/a>. Le tableau donne le titre de chaque ouvrage, la date \u00e0 laquelle il a \u00e9t\u00e9 \u00e9crit, le manuscrit dans lequel il figure, de m\u00eame que des \u00e9ditions, traductions et autres \u00e9ditions num\u00e9ris\u00e9es.[\/vc_column_text][\/vc_column][\/vc_row]<\/p>\n<\/div>","protected":false},"excerpt":{"rendered":"<p>[vc_row][vc_column][vc_column_text]Un tableau listant les \u0153uvres de Christine de Pizan se trouve dans ce Tableur Google. Le tableau donne le titre de chaque ouvrage, la date \u00e0 laquelle il a \u00e9t\u00e9 [&hellip;]<\/p>\n","protected":false},"author":45,"featured_media":0,"parent":947,"menu_order":2,"comment_status":"closed","ping_status":"closed","template":"","meta":{"_acf_changed":false,"footnotes":""},"class_list":["post-1014","page","type-page","status-publish","hentry"],"acf":[],"_links":{"self":[{"href":"https:\/\/dlmm.library.jhu.edu\/fr\/wp-json\/wp\/v2\/pages\/1014","targetHints":{"allow":["GET"]}}],"collection":[{"href":"https:\/\/dlmm.library.jhu.edu\/fr\/wp-json\/wp\/v2\/pages"}],"about":[{"href":"https:\/\/dlmm.library.jhu.edu\/fr\/wp-json\/wp\/v2\/types\/page"}],"author":[{"embeddable":true,"href":"https:\/\/dlmm.library.jhu.edu\/fr\/wp-json\/wp\/v2\/users\/45"}],"replies":[{"embeddable":true,"href":"https:\/\/dlmm.library.jhu.edu\/fr\/wp-json\/wp\/v2\/comments?post=1014"}],"version-history":[{"count":2,"href":"https:\/\/dlmm.library.jhu.edu\/fr\/wp-json\/wp\/v2\/pages\/1014\/revisions"}],"predecessor-version":[{"id":1063,"href":"https:\/\/dlmm.library.jhu.edu\/fr\/wp-json\/wp\/v2\/pages\/1014\/revisions\/1063"}],"up":[{"embeddable":true,"href":"https:\/\/dlmm.library.jhu.edu\/fr\/wp-json\/wp\/v2\/pages\/947"}],"wp:attachment":[{"href":"https:\/\/dlmm.library.jhu.edu\/fr\/wp-json\/wp\/v2\/media?parent=1014"}],"curies":[{"name":"wp","href":"https:\/\/api.w.org\/{rel}","templated":true}]}}