{"id":1024,"date":"2021-05-03T16:43:20","date_gmt":"2021-05-03T16:43:20","guid":{"rendered":"https:\/\/dlmm.library.jhu.edu\/?page_id=1024"},"modified":"2021-05-03T20:22:30","modified_gmt":"2021-05-03T20:22:30","slug":"a-propos-du-lecteur-iiif","status":"publish","type":"page","link":"https:\/\/dlmm.library.jhu.edu\/fr\/information-et-histoire-du-projet\/a-propos-du-lecteur-iiif\/","title":{"rendered":"\u00c0 propos du lecteur IIIF"},"content":{"rendered":"<div class=\"wpb-content-wrapper\"><p>[vc_row][vc_column][vc_column_text]La version 2017 de la Biblioth\u00e8que Num\u00e9rique du <em>Roman de la Rose <\/em>et du Scriptorium Digital de Christine de Pizan utilise un lecteur \u00ab\u00a0<a href=\"https:\/\/dlmm.library.jhu.edu\/viewer\/\">International Image Interoperability Framework<\/a> \u00bb (IIIF &#8211; Cadre international d&#8217;interop\u00e9rabilit\u00e9 des images). Les d\u00e9tails concernant son utilisation se trouvent sur la page \u00ab\u00a0<a href=\"https:\/\/dlmm.library.jhu.edu\/fr\/information-et-histoire-du-projet\/comment-utiliser-le-visualisuer-iiif\/\">Comment utiliser le lecteur IIIF<\/a>\u00a0\u00bb. L\u2019objectif de la communaut\u00e9 IIIF est de rendre accessible des images de haute r\u00e9solution d\u2019\u00e9l\u00e9ments de mus\u00e9es, d\u2019archives et de biblioth\u00e8ques en fournissant un cadre uniforme avec lequel toutes ces institutions peuvent ais\u00e9ment partager et comparer les donn\u00e9es visuelles. Comme l\u2019explique <a href=\"http:\/\/iiif.io\/\">le site internet IIIF<\/a>, leurs buts sont\u00a0:<\/p>\n<ul>\n<li>De donner aux universitaire un acc\u00e8s d\u2019une uniformit\u00e9 et richesse in\u00e9dites \u00e0 des ressources d\u2019images dans le monde entier<\/li>\n<li>De d\u00e9finir un ensemble commun d\u2019interfaces d\u2019applications programm\u00e9es qui supportent l\u2019interop\u00e9rabilit\u00e9 des d\u00e9p\u00f4ts d\u2019images<\/li>\n<li>De d\u00e9velopper, cultiver et documenter des technologies partag\u00e9es telles que des serveurs d\u2019images et des clients web qui permettent \u00e0 une communaut\u00e9 d\u2019utilisateurs internationale de faire l\u2019exp\u00e9rience de la visualisation, la comparaison, la manipulation et l\u2019annotation d\u2019images.<\/li>\n<\/ul>\n<p>Pour ces raisons, le lecteur IIIF \u00e9tait une option id\u00e9ale pour d\u00e9velopper la version la plus r\u00e9cente de la Biblioth\u00e8que Num\u00e9rique de la <em>Rose<\/em> et du Scriptorium Num\u00e9rique de Christine de Pizan. Le lecteur offre non seulement une interface versatile \u00e0 l\u2019utilisateur pour visionner des images de manuscrits de haute r\u00e9solution, mais il nous permet \u00e9galement de faire partie d\u2019une communaut\u00e9 d\u2019institutions partageant la richesse de nos donn\u00e9es.[\/vc_column_text][\/vc_column][\/vc_row]<\/p>\n<\/div>","protected":false},"excerpt":{"rendered":"<p>[vc_row][vc_column][vc_column_text]La version 2017 de la Biblioth\u00e8que Num\u00e9rique du Roman de la Rose et du Scriptorium Digital de Christine de Pizan utilise un lecteur \u00ab\u00a0International Image Interoperability Framework \u00bb (IIIF &#8211; [&hellip;]<\/p>\n","protected":false},"author":45,"featured_media":0,"parent":219,"menu_order":0,"comment_status":"closed","ping_status":"closed","template":"","meta":{"_acf_changed":false,"footnotes":""},"class_list":["post-1024","page","type-page","status-publish","hentry"],"acf":[],"_links":{"self":[{"href":"https:\/\/dlmm.library.jhu.edu\/fr\/wp-json\/wp\/v2\/pages\/1024","targetHints":{"allow":["GET"]}}],"collection":[{"href":"https:\/\/dlmm.library.jhu.edu\/fr\/wp-json\/wp\/v2\/pages"}],"about":[{"href":"https:\/\/dlmm.library.jhu.edu\/fr\/wp-json\/wp\/v2\/types\/page"}],"author":[{"embeddable":true,"href":"https:\/\/dlmm.library.jhu.edu\/fr\/wp-json\/wp\/v2\/users\/45"}],"replies":[{"embeddable":true,"href":"https:\/\/dlmm.library.jhu.edu\/fr\/wp-json\/wp\/v2\/comments?post=1024"}],"version-history":[{"count":2,"href":"https:\/\/dlmm.library.jhu.edu\/fr\/wp-json\/wp\/v2\/pages\/1024\/revisions"}],"predecessor-version":[{"id":1065,"href":"https:\/\/dlmm.library.jhu.edu\/fr\/wp-json\/wp\/v2\/pages\/1024\/revisions\/1065"}],"up":[{"embeddable":true,"href":"https:\/\/dlmm.library.jhu.edu\/fr\/wp-json\/wp\/v2\/pages\/219"}],"wp:attachment":[{"href":"https:\/\/dlmm.library.jhu.edu\/fr\/wp-json\/wp\/v2\/media?parent=1024"}],"curies":[{"name":"wp","href":"https:\/\/api.w.org\/{rel}","templated":true}]}}