{"id":1096,"date":"2021-08-10T17:04:34","date_gmt":"2021-08-10T17:04:34","guid":{"rendered":"https:\/\/dlmm.library.jhu.edu\/?page_id=1096"},"modified":"2021-10-19T16:49:17","modified_gmt":"2021-10-19T16:49:17","slug":"etudes-de-cas","status":"publish","type":"page","link":"https:\/\/dlmm.library.jhu.edu\/fr\/bibliotheque-numerique-des-manuscrits-medievaux\/etudes-de-cas\/","title":{"rendered":"\u00c9tudes de cas"},"content":{"rendered":"<div class=\"wpb-content-wrapper\"><p>[vc_row][vc_column][vc_column_text]<\/p>\n<ul>\n<li><a href=\"https:\/\/dlmm.library.jhu.edu\/wp-content\/uploads\/sites\/26\/2021\/10\/Le-maintenant-du-Roman-de-la-Rose-en-cinq-images.pdf\">Le \u00ab maintenant \u00bb du Roman de la Rose en cinq images<\/a><\/li>\n<li><a href=\"https:\/\/dlmm.library.jhu.edu\/wp-content\/uploads\/sites\/26\/2021\/08\/New-Insights-on-Medieval-Literature-French-translation.pdf\">Nouvelles perspectives sur la litt\u00e9rature m\u00e9di\u00e9vale issues des ressources num\u00e9riques des manuscrits<\/a><\/li>\n<li><a href=\"https:\/\/dlmm.library.jhu.edu\/wp-content\/uploads\/sites\/26\/2021\/08\/How-do-MSS-Differ-from-Modern-Books-French-translation.pdf\">En quoi les manuscrits m\u00e9di\u00e9vaux se distinguent-ils des livres modernes ?<\/a><\/li>\n<li><a href=\"https:\/\/dlmm.library.jhu.edu\/wp-content\/uploads\/sites\/26\/2021\/08\/Finding-Ones-Way-in-Manuscripts-French-translation.pdf\">S\u2019y retrouver dans les manuscrits : Le Roman de la Rose<\/a><\/li>\n<\/ul>\n<p>[\/vc_column_text][\/vc_column][\/vc_row]<\/p>\n<\/div>","protected":false},"excerpt":{"rendered":"<p>[vc_row][vc_column][vc_column_text] Le \u00ab maintenant \u00bb du Roman de la Rose en cinq images Nouvelles perspectives sur la litt\u00e9rature m\u00e9di\u00e9vale issues des ressources num\u00e9riques des manuscrits En quoi les manuscrits m\u00e9di\u00e9vaux [&hellip;]<\/p>\n","protected":false},"author":3,"featured_media":0,"parent":240,"menu_order":0,"comment_status":"closed","ping_status":"closed","template":"","meta":{"_acf_changed":false,"footnotes":""},"class_list":["post-1096","page","type-page","status-publish","hentry"],"acf":[],"_links":{"self":[{"href":"https:\/\/dlmm.library.jhu.edu\/fr\/wp-json\/wp\/v2\/pages\/1096","targetHints":{"allow":["GET"]}}],"collection":[{"href":"https:\/\/dlmm.library.jhu.edu\/fr\/wp-json\/wp\/v2\/pages"}],"about":[{"href":"https:\/\/dlmm.library.jhu.edu\/fr\/wp-json\/wp\/v2\/types\/page"}],"author":[{"embeddable":true,"href":"https:\/\/dlmm.library.jhu.edu\/fr\/wp-json\/wp\/v2\/users\/3"}],"replies":[{"embeddable":true,"href":"https:\/\/dlmm.library.jhu.edu\/fr\/wp-json\/wp\/v2\/comments?post=1096"}],"version-history":[{"count":4,"href":"https:\/\/dlmm.library.jhu.edu\/fr\/wp-json\/wp\/v2\/pages\/1096\/revisions"}],"predecessor-version":[{"id":1117,"href":"https:\/\/dlmm.library.jhu.edu\/fr\/wp-json\/wp\/v2\/pages\/1096\/revisions\/1117"}],"up":[{"embeddable":true,"href":"https:\/\/dlmm.library.jhu.edu\/fr\/wp-json\/wp\/v2\/pages\/240"}],"wp:attachment":[{"href":"https:\/\/dlmm.library.jhu.edu\/fr\/wp-json\/wp\/v2\/media?parent=1096"}],"curies":[{"name":"wp","href":"https:\/\/api.w.org\/{rel}","templated":true}]}}