{"id":133,"date":"2017-08-15T13:47:48","date_gmt":"2017-08-15T13:47:48","guid":{"rendered":"http:\/\/dlmm.wpshared.library.jhu.edu\/?page_id=133"},"modified":"2021-05-03T20:16:35","modified_gmt":"2021-05-03T20:16:35","slug":"bibliotheque-numerique-du-roman-de-la-rose","status":"publish","type":"page","link":"https:\/\/dlmm.library.jhu.edu\/fr\/bibliotheque-numerique-du-roman-de-la-rose\/","title":{"rendered":"Biblioth\u00e8que num\u00e9rique du Roman de la Rose"},"content":{"rendered":"<div class=\"wpb-content-wrapper\"><p>[vc_row][vc_column][vc_column_text]<img loading=\"lazy\" decoding=\"async\" class=\"size-medium wp-image-529 alignleft\" src=\"\/wp-content\/uploads\/sites\/26\/2017\/12\/RdlR_logo-1-300x201.png\" alt=\"\" width=\"300\" height=\"201\" srcset=\"https:\/\/dlmm.library.jhu.edu\/wp-content\/uploads\/sites\/26\/2017\/12\/RdlR_logo-1-300x201.png 300w, https:\/\/dlmm.library.jhu.edu\/wp-content\/uploads\/sites\/26\/2017\/12\/RdlR_logo-1-250x167.png 250w, https:\/\/dlmm.library.jhu.edu\/wp-content\/uploads\/sites\/26\/2017\/12\/RdlR_logo-1-272x182.png 272w, https:\/\/dlmm.library.jhu.edu\/wp-content\/uploads\/sites\/26\/2017\/12\/RdlR_logo-1.png 691w\" sizes=\"auto, (max-width: 300px) 100vw, 300px\" \/><\/p>\n<p>Bienvenue \u00e0 la Biblioth\u00e8que num\u00e9rique du Roman de la Rose, un projet collaboratif des <a href=\"https:\/\/www.library.jhu.edu\/\">biblioth\u00e8ques Sheridan<\/a> de la Johns Hopkins University (JHU), et de la <a href=\"http:\/\/www.bnf.fr\/fr\/acc\/x.accueil.html\">Biblioth\u00e8que nationale de France<\/a> (BnF).\u00a0C\u2019est gr\u00e2ce au soutien g\u00e9n\u00e9reux de la fondation Andrew W. Mellon \u2013 qui a permis \u00e0 la Biblioth\u00e8que nationale de France de num\u00e9riser les manuscrits fran\u00e7ais du <em>Roman de la Rose<\/em> \u2013 que nous avons pu r\u00e9aliser la mise \u00e0 jour de ce site. La Biblioth\u00e8que num\u00e9rique du <em>Roman de la Rose<\/em> a pour but d\u2019agr\u00e9ger et de repr\u00e9senter sous forme virtuelle autant de manuscrits que possible contenant le po\u00e8me du XIII<sup>e<\/sup> si\u00e8cle intitul\u00e9 le <em>Roman de la Rose<\/em>. Notre collection, qui ne cesse de s\u2019accro\u00eetre, comprend actuellement plus de 130 versions num\u00e9riques du manuscrit du Roman de la Rose.\u00a0Les manuscrits peuvent \u00eatre consult\u00e9s dans <a href=\"https:\/\/dlmm.library.jhu.edu\/viewer\/?col=https:\/\/jdm.library.jhu.edu\/iiif-pres-dlmm\/rose\/collection\">le lecteur IIIF<\/a>.<\/p>\n<p><img loading=\"lazy\" decoding=\"async\" class=\"size-medium wp-image-30 aligncenter\" src=\"\/wp-content\/uploads\/sites\/26\/2016\/11\/cropped-Morgan_presentation-300x300.png\" alt=\"\" width=\"300\" height=\"300\" srcset=\"https:\/\/dlmm.library.jhu.edu\/wp-content\/uploads\/sites\/26\/2016\/11\/cropped-Morgan_presentation-300x300.png 300w, https:\/\/dlmm.library.jhu.edu\/wp-content\/uploads\/sites\/26\/2016\/11\/cropped-Morgan_presentation-150x150.png 150w, https:\/\/dlmm.library.jhu.edu\/wp-content\/uploads\/sites\/26\/2016\/11\/cropped-Morgan_presentation-250x250.png 250w, https:\/\/dlmm.library.jhu.edu\/wp-content\/uploads\/sites\/26\/2016\/11\/cropped-Morgan_presentation-270x270.png 270w, https:\/\/dlmm.library.jhu.edu\/wp-content\/uploads\/sites\/26\/2016\/11\/cropped-Morgan_presentation-192x192.png 192w, https:\/\/dlmm.library.jhu.edu\/wp-content\/uploads\/sites\/26\/2016\/11\/cropped-Morgan_presentation-180x180.png 180w, https:\/\/dlmm.library.jhu.edu\/wp-content\/uploads\/sites\/26\/2016\/11\/cropped-Morgan_presentation-32x32.png 32w, https:\/\/dlmm.library.jhu.edu\/wp-content\/uploads\/sites\/26\/2016\/11\/cropped-Morgan_presentation.png 512w\" sizes=\"auto, (max-width: 300px) 100vw, 300px\" \/><\/p>\n<p style=\"text-align: center;\"><a href=\"http:\/\/www.themorgan.org\/manuscript\/145641\" target=\"_blank\" rel=\"noopener\"><strong>Morgan Library and Museum, M.948, f. 4r<\/strong><\/a><\/p>\n<p>Cette biblioth\u00e8que num\u00e9rique pr\u00e9sente de nouveaux contenus et des fonctionnalit\u00e9s am\u00e9lior\u00e9es. Elle se base sur le prototype ant\u00e9rieur intitul\u00e9 \u00ab\u00a0Le Roman de la Rose: Digital Surrogates of Medieval Manuscripts\u00a0\u00bb. Nous continuons de travailler avec les partenaires fondateurs de ce projet, notamment le <a href=\"https:\/\/thewalters.org\/\">Walters Art Museum<\/a>, la <a href=\"http:\/\/www.bodleian.ox.ac.uk\/\">Bodleian Library<\/a>, la <a href=\"http:\/\/www.themorgan.org\/\">Morgan Library and Museum<\/a> et le <a href=\"http:\/\/www.getty.edu\/\">J. Paul Getty Museum<\/a>. De m\u00eame, nous collaborons avec un nombre croissant d\u2019autres institutions et de collectionneurs priv\u00e9s qui contribuent \u00e0 l\u2019enrichissement de la Biblioth\u00e8que en y apportant les images num\u00e9ris\u00e9es de leurs manuscrits. Guid\u00e9s par une \u00e9quipe de chercheurs et par des comit\u00e9s consultatifs, nous nous sommes efforc\u00e9s de r\u00e9pondre aux besoins de la recherche, dans une perspective interdisciplinaire, tout en gardant \u00e0 l\u2019esprit un public plus g\u00e9n\u00e9ral. Chaque utilisateur de ce site est pri\u00e9 de bien vouloir lire et accepter les conditions d\u2019utilisation, disponibles dans la rubrique <a href=\"https:\/\/dlmm.library.jhu.edu\/fr\/mentions-legales\/\">Mentions l\u00e9gales<\/a>.<\/p>\n<p>Les collections, les services et les logiciels de la Biblioth\u00e8que num\u00e9rique du <em>Roman de la Rose<\/em> \u00e9voluent constamment. Nous invitons\u00a0la communaut\u00e9 \u00e0 contribuer \u00e0 l\u2019\u00e9laboration nouveaux contenus et outils, ou\u00a0\u00e0 participer aux discussions sur le\u00a0<a href=\"http:\/\/romandelarose.blogspot.com\/\">blog du site<\/a>. Pour pr\u00e9server et d\u00e9velopper la Biblioth\u00e8que num\u00e9rique du <em>Roman de la Rose<\/em>, nous comptons sur votre soutien financier. Merci de bien vouloir consid\u00e9rer une contribution.<\/p>\n<p>[\/vc_column_text][\/vc_column][\/vc_row]<\/p>\n<\/div>","protected":false},"excerpt":{"rendered":"<p>[vc_row][vc_column][vc_column_text] Bienvenue \u00e0 la Biblioth\u00e8que num\u00e9rique du Roman de la Rose, un projet collaboratif des biblioth\u00e8ques Sheridan de la Johns Hopkins University (JHU), et de la Biblioth\u00e8que nationale de France [&hellip;]<\/p>\n","protected":false},"author":43,"featured_media":0,"parent":0,"menu_order":0,"comment_status":"closed","ping_status":"open","template":"","meta":{"_acf_changed":false,"footnotes":""},"class_list":["post-133","page","type-page","status-publish","hentry"],"acf":[],"_links":{"self":[{"href":"https:\/\/dlmm.library.jhu.edu\/fr\/wp-json\/wp\/v2\/pages\/133","targetHints":{"allow":["GET"]}}],"collection":[{"href":"https:\/\/dlmm.library.jhu.edu\/fr\/wp-json\/wp\/v2\/pages"}],"about":[{"href":"https:\/\/dlmm.library.jhu.edu\/fr\/wp-json\/wp\/v2\/types\/page"}],"author":[{"embeddable":true,"href":"https:\/\/dlmm.library.jhu.edu\/fr\/wp-json\/wp\/v2\/users\/43"}],"replies":[{"embeddable":true,"href":"https:\/\/dlmm.library.jhu.edu\/fr\/wp-json\/wp\/v2\/comments?post=133"}],"version-history":[{"count":17,"href":"https:\/\/dlmm.library.jhu.edu\/fr\/wp-json\/wp\/v2\/pages\/133\/revisions"}],"predecessor-version":[{"id":1054,"href":"https:\/\/dlmm.library.jhu.edu\/fr\/wp-json\/wp\/v2\/pages\/133\/revisions\/1054"}],"wp:attachment":[{"href":"https:\/\/dlmm.library.jhu.edu\/fr\/wp-json\/wp\/v2\/media?parent=133"}],"curies":[{"name":"wp","href":"https:\/\/api.w.org\/{rel}","templated":true}]}}