{"id":138,"date":"2017-08-21T21:22:23","date_gmt":"2017-08-21T21:22:23","guid":{"rendered":"http:\/\/dlmm.wpshared.library.jhu.edu\/?page_id=138"},"modified":"2021-05-03T20:17:02","modified_gmt":"2021-05-03T20:17:02","slug":"histoire-de-la-rose","status":"publish","type":"page","link":"https:\/\/dlmm.library.jhu.edu\/fr\/bibliotheque-numerique-du-roman-de-la-rose\/histoire-de-la-rose\/","title":{"rendered":"Histoire de la Rose"},"content":{"rendered":"<h3>Histoire et r\u00e9sum\u00e9 du texte<\/h3>\n<p><strong>par Lori J. Walters<\/strong><br \/>\nLe\u00a0Roman de la Rose\u00a0est le produit du travail de deux auteurs. Commenc\u00e9 par Guillaume de Lorris vers 1230, il est achev\u00e9 par Jean de Meung environ quarante ans plus tard. Dans certains manuscrits, il compte jusqu&#8217;\u00e0 21 750 vers. C\u2019est, vraisemblablement, l&#8217;\u0153uvre en ancien fran\u00e7ais qui a eu le plus d\u2019influence. Pendant les si\u00e8cles qui ont suivi sa r\u00e9daction, de grands po\u00e8tes tels que Guillaume de Machaut, Jean Froissart, Eustache Deschamps et Francois Villon ont perp\u00e9tu\u00e9 la tradition du po\u00e8me. Dans la France du d\u00e9but du XVe si\u00e8cle, le\u00a0Roman de la Rose\u00a0faisait encore l&#8217;objet de vives pol\u00e9miques litt\u00e9raires. Son impact s&#8217;est fait sentir dans d&#8217;autres litt\u00e9ratures nationales. Les po\u00e8tes anglais John Gower et Geoffrey Chaucer, ainsi que les po\u00e8tes italiens Dante et P\u00e9trarque, ont \u00e9t\u00e9 des lecteurs assidus du roman. Le\u00a0Roman de la Rose\u00a0est un po\u00e8me d&#8217;amour all\u00e9gorique, qui prend la forme d&#8217;une vision onirique. Le narrateur, \u00e2g\u00e9 de 25 ans, rapporte un songe qu&#8217;il a eu environ cinq ans auparavant, et qui s&#8217;est r\u00e9alis\u00e9 ensuite. Dans son r\u00eave, il voyage jusqu&#8217;\u00e0 un jardin clos, \u00e0 l&#8217;int\u00e9rieur duquel il voit le reflet d&#8217;un rosier dans la Fontaine de Narcisse. Alors qu&#8217;il s&#8217;appr\u00eate \u00e0 choisir sa fleur, le Dieu de l&#8217;Amour l&#8217;atteint de plusieurs fl\u00e8ches, le laissant \u00e0 jamais \u00e9pris de l&#8217;une des fleurs. Ses efforts pour cueillir cette rose restent vains. Un baiser vol\u00e9 alerte les gardiens de la Rose, qui est alors recluse derri\u00e8re des fortifications encore plus r\u00e9sistantes. Lorsque s&#8217;ach\u00e8ve le po\u00e8me de Guillaume de Lorris, le protagoniste se lamente sur son sort, face \u00e0 ce nouvel obstacle vers la r\u00e9alisation de son amour. Jean de Meung conclut le r\u00e9cit avec une description grivoise de la cueillette de la Rose, teint\u00e9e de d\u00e9ception, en discordance avec la conception id\u00e9alis\u00e9e que se fait Guillaume de la qu\u00eate de l&#8217;amour.<\/p>\n<p>Les deux parties du\u00a0Roman de la Rose\u00a0ont des caract\u00e8res bien distincts. Le po\u00e8me de Guillaume s&#8217;apparente \u00e0 un guide sur l&#8217;art d&#8217;aimer. Les repr\u00e9sentations des vices &#8220;anti-courtois&#8221;, qui d\u00e9corent les murs du jardin, offrent un contraste \u00e9difiant avec les personnifications de la vertu courtoise, qui dansent \u00e0 l&#8217;int\u00e9rieur de la cl\u00f4ture. Le Dieu de l&#8217;Amour enseigne au n\u00e9ophyte l&#8217;art de se comporter en bon amant. Sous la plume de Jean de Meung, l&#8217;histoire de Guillaume, jeune homme en qu\u00eate de la Rose, est destin\u00e9e \u00e0 int\u00e9grer une large part des connaissances du XIIIe si\u00e8cle. Ses personnifications (telles que Dame Raison, l&#8217;Amant, Nature et G\u00e9nius) font de longs commentaires sur des sujets p\u00e9riph\u00e9riques \u00e0 l&#8217;action. L&#8217;auteur inclut notamment des discussions (alors d&#8217;actualit\u00e9) sur le libre arbitre et le d\u00e9terminisme, ou qui touchent \u00e0 la vision et \u00e0 l&#8217;influence des corps c\u00e9lestes sur les comportements humains. S&#8217;y trouvent aussi des r\u00e9f\u00e9rences \u00e0 des questions de l&#8217;\u00e9poque, telles que le d\u00e9bat autour du pouvoir croissant des ordres mendiants.<\/p>\n<h3>Manuscrits de la Biblioth\u00e8que num\u00e9rique du\u00a0Roman de la Rose<\/h3>\n<p><strong>par Beatrice Radden Keefe<\/strong><\/p>\n<div id='gallery-1' class='gallery galleryid-138 gallery-columns-3 gallery-size-thumbnail'><figure class='gallery-item'>\n\t\t\t<div class='gallery-icon portrait'>\n\t\t\t\t<a href='https:\/\/dlmm.library.jhu.edu\/fr\/bibliotheque-numerique-du-roman-de-la-rose\/histoire-de-la-rose\/bnf_378_f_1r-3\/'><img loading=\"lazy\" decoding=\"async\" width=\"150\" height=\"150\" src=\"https:\/\/dlmm.library.jhu.edu\/wp-content\/uploads\/sites\/26\/2017\/12\/BnF_378_f_1r-1-150x150.png\" class=\"attachment-thumbnail size-thumbnail\" alt=\"Figure 1: Manuscrit BnF fr 378, f.1r\" aria-describedby=\"gallery-1-641\" \/><\/a>\n\t\t\t<\/div>\n\t\t\t\t<figcaption class='wp-caption-text gallery-caption' id='gallery-1-641'>\n\t\t\t\tFigure 1: Manuscrit BnF fr 378, f.1r\n\t\t\t\t<\/figcaption><\/figure><figure class='gallery-item'>\n\t\t\t<div class='gallery-icon portrait'>\n\t\t\t\t<a href='https:\/\/dlmm.library.jhu.edu\/fr\/bibliotheque-numerique-du-roman-de-la-rose\/histoire-de-la-rose\/morgan_948_5r-3\/'><img loading=\"lazy\" decoding=\"async\" width=\"150\" height=\"150\" src=\"https:\/\/dlmm.library.jhu.edu\/wp-content\/uploads\/sites\/26\/2017\/12\/Morgan_948_5r-1-150x150.png\" class=\"attachment-thumbnail size-thumbnail\" alt=\"Figure 2: Manuscrit Morgan 948, f. 5r\" aria-describedby=\"gallery-1-649\" \/><\/a>\n\t\t\t<\/div>\n\t\t\t\t<figcaption class='wp-caption-text gallery-caption' id='gallery-1-649'>\n\t\t\t\tFigure 2: Manuscrit Morgan 948, f. 5r\n\t\t\t\t<\/figcaption><\/figure><figure class='gallery-item'>\n\t\t\t<div class='gallery-icon portrait'>\n\t\t\t\t<a href='https:\/\/dlmm.library.jhu.edu\/fr\/bibliotheque-numerique-du-roman-de-la-rose\/histoire-de-la-rose\/loc_rosenwald_396_3v-2\/'><img loading=\"lazy\" decoding=\"async\" width=\"150\" height=\"150\" src=\"https:\/\/dlmm.library.jhu.edu\/wp-content\/uploads\/sites\/26\/2017\/12\/LoC_Rosenwald_396_3v-150x150.png\" class=\"attachment-thumbnail size-thumbnail\" alt=\"Figure 3: Manuscrit LoC Rosenwald 396, f. 3v\" aria-describedby=\"gallery-1-628\" \/><\/a>\n\t\t\t<\/div>\n\t\t\t\t<figcaption class='wp-caption-text gallery-caption' id='gallery-1-628'>\n\t\t\t\tFigure 3: Manuscrit LoC Rosenwald 396, f. 3v\n\t\t\t\t<\/figcaption><\/figure><figure class='gallery-item'>\n\t\t\t<div class='gallery-icon portrait'>\n\t\t\t\t<a href='https:\/\/dlmm.library.jhu.edu\/fr\/bibliotheque-numerique-du-roman-de-la-rose\/histoire-de-la-rose\/loc_rosenwald_917_b1r-3\/'><img loading=\"lazy\" decoding=\"async\" width=\"150\" height=\"150\" src=\"https:\/\/dlmm.library.jhu.edu\/wp-content\/uploads\/sites\/26\/2017\/12\/LoC_Rosenwald_917_B1r-1-150x150.png\" class=\"attachment-thumbnail size-thumbnail\" alt=\"Figure 4: Manuscript LoC Rosenwald 917, f. B1r\" aria-describedby=\"gallery-1-647\" \/><\/a>\n\t\t\t<\/div>\n\t\t\t\t<figcaption class='wp-caption-text gallery-caption' id='gallery-1-647'>\n\t\t\t\tFigure 4: Manuscript LoC Rosenwald 917, f. B1r\n\t\t\t\t<\/figcaption><\/figure><figure class='gallery-item'>\n\t\t\t<div class='gallery-icon portrait'>\n\t\t\t\t<a href='https:\/\/dlmm.library.jhu.edu\/fr\/bibliotheque-numerique-du-roman-de-la-rose\/histoire-de-la-rose\/senshu_2_f_7r-3\/'><img loading=\"lazy\" decoding=\"async\" width=\"150\" height=\"150\" src=\"https:\/\/dlmm.library.jhu.edu\/wp-content\/uploads\/sites\/26\/2017\/12\/Senshu_2_f_7r-1-150x150.png\" class=\"attachment-thumbnail size-thumbnail\" alt=\"Figure 5: Manuscrit Senshu 2, f. 7r\" aria-describedby=\"gallery-1-651\" \/><\/a>\n\t\t\t<\/div>\n\t\t\t\t<figcaption class='wp-caption-text gallery-caption' id='gallery-1-651'>\n\t\t\t\tFigure 5: Manuscrit Senshu 2, f. 7r\n\t\t\t\t<\/figcaption><\/figure><figure class='gallery-item'>\n\t\t\t<div class='gallery-icon portrait'>\n\t\t\t\t<a href='https:\/\/dlmm.library.jhu.edu\/fr\/bibliotheque-numerique-du-roman-de-la-rose\/histoire-de-la-rose\/bnf_fr_803_2r-3\/'><img loading=\"lazy\" decoding=\"async\" width=\"150\" height=\"150\" src=\"https:\/\/dlmm.library.jhu.edu\/wp-content\/uploads\/sites\/26\/2017\/12\/BnF_fr_803_2r-1-150x150.png\" class=\"attachment-thumbnail size-thumbnail\" alt=\"Figure 6: Manuscrit BnF fr 803, f. 2r\" aria-describedby=\"gallery-1-643\" \/><\/a>\n\t\t\t<\/div>\n\t\t\t\t<figcaption class='wp-caption-text gallery-caption' id='gallery-1-643'>\n\t\t\t\tFigure 6: Manuscrit BnF fr 803, f. 2r\n\t\t\t\t<\/figcaption><\/figure><figure class='gallery-item'>\n\t\t\t<div class='gallery-icon portrait'>\n\t\t\t\t<a href='https:\/\/dlmm.library.jhu.edu\/fr\/bibliotheque-numerique-du-roman-de-la-rose\/histoire-de-la-rose\/bnf_fr_802_1r_jeanne_de_montbaston-2\/'><img loading=\"lazy\" decoding=\"async\" width=\"150\" height=\"150\" src=\"https:\/\/dlmm.library.jhu.edu\/wp-content\/uploads\/sites\/26\/2017\/12\/BnF_fr_802_1r_Jeanne_de_Montbaston-150x150.png\" class=\"attachment-thumbnail size-thumbnail\" alt=\"Figure 7: Manuscrit BnF fr 802, f. 1r (de l&#039;atelier Montbaston)\" aria-describedby=\"gallery-1-625\" \/><\/a>\n\t\t\t<\/div>\n\t\t\t\t<figcaption class='wp-caption-text gallery-caption' id='gallery-1-625'>\n\t\t\t\tFigure 7: Manuscrit BnF fr 802, f. 1r (de l&#8217;atelier Montbaston)\n\t\t\t\t<\/figcaption><\/figure><figure class='gallery-item'>\n\t\t\t<div class='gallery-icon portrait'>\n\t\t\t\t<a href='https:\/\/dlmm.library.jhu.edu\/fr\/bibliotheque-numerique-du-roman-de-la-rose\/histoire-de-la-rose\/arsenal_3338_1r_jeanne_de_montbaston-3\/'><img loading=\"lazy\" decoding=\"async\" width=\"150\" height=\"150\" src=\"https:\/\/dlmm.library.jhu.edu\/wp-content\/uploads\/sites\/26\/2017\/12\/Arsenal_3338_1r_Jeanne_de_Montbaston-1-150x150.png\" class=\"attachment-thumbnail size-thumbnail\" alt=\"Figure 8: Manuscrit Arsenal 3338, f. 1r (de l&#039;atelier Montbaston)\" aria-describedby=\"gallery-1-640\" \/><\/a>\n\t\t\t<\/div>\n\t\t\t\t<figcaption class='wp-caption-text gallery-caption' id='gallery-1-640'>\n\t\t\t\tFigure 8: Manuscrit Arsenal 3338, f. 1r (de l&#8217;atelier Montbaston)\n\t\t\t\t<\/figcaption><\/figure><figure class='gallery-item'>\n\t\t\t<div class='gallery-icon landscape'>\n\t\t\t\t<a href='https:\/\/dlmm.library.jhu.edu\/fr\/bibliotheque-numerique-du-roman-de-la-rose\/histoire-de-la-rose\/bodleian_douce_195_1r_detail-3\/'><img loading=\"lazy\" decoding=\"async\" width=\"150\" height=\"150\" src=\"https:\/\/dlmm.library.jhu.edu\/wp-content\/uploads\/sites\/26\/2017\/12\/Bodleian_Douce_195_1r_detail-1-150x150.jpg\" class=\"attachment-thumbnail size-thumbnail\" alt=\"Figure 9: Manuscrit Bodl\u00e9ienne Douce 195, f. 1r (d\u00e9tail)\" aria-describedby=\"gallery-1-644\" \/><\/a>\n\t\t\t<\/div>\n\t\t\t\t<figcaption class='wp-caption-text gallery-caption' id='gallery-1-644'>\n\t\t\t\tFigure 9: Manuscrit Bodl\u00e9ienne Douce 195, f. 1r (d\u00e9tail)\n\t\t\t\t<\/figcaption><\/figure><figure class='gallery-item'>\n\t\t\t<div class='gallery-icon portrait'>\n\t\t\t\t<a href='https:\/\/dlmm.library.jhu.edu\/fr\/bibliotheque-numerique-du-roman-de-la-rose\/histoire-de-la-rose\/morgan_948_4r_detail-3\/'><img loading=\"lazy\" decoding=\"async\" width=\"150\" height=\"150\" src=\"https:\/\/dlmm.library.jhu.edu\/wp-content\/uploads\/sites\/26\/2017\/12\/Morgan_948_4r_detail-1-150x150.png\" class=\"attachment-thumbnail size-thumbnail\" alt=\"Figure 10: Manuscrit Morgan 948, f. 4r (d\u00e9tail): Fran\u00e7ois Ier, Roi de France, \u00e9tant pr\u00e9sent\u00e9 avec le manuscrit\" aria-describedby=\"gallery-1-648\" \/><\/a>\n\t\t\t<\/div>\n\t\t\t\t<figcaption class='wp-caption-text gallery-caption' id='gallery-1-648'>\n\t\t\t\tFigure 10: Manuscrit Morgan 948, f. 4r (d\u00e9tail): Fran\u00e7ois 1er, Roi de France, \u00e9tant pr\u00e9sent\u00e9 avec le manuscrit\n\t\t\t\t<\/figcaption><\/figure><figure class='gallery-item'>\n\t\t\t<div class='gallery-icon landscape'>\n\t\t\t\t<a href='https:\/\/dlmm.library.jhu.edu\/fr\/bibliotheque-numerique-du-roman-de-la-rose\/histoire-de-la-rose\/walters_143_f_69v_detail-3\/'><img loading=\"lazy\" decoding=\"async\" width=\"150\" height=\"150\" src=\"https:\/\/dlmm.library.jhu.edu\/wp-content\/uploads\/sites\/26\/2017\/12\/Walters_143_f_69v_detail-1-150x150.png\" class=\"attachment-thumbnail size-thumbnail\" alt=\"Figure 11: Manuscrit Walters 143, f. 69v (d\u00e9tail)\" aria-describedby=\"gallery-1-654\" \/><\/a>\n\t\t\t<\/div>\n\t\t\t\t<figcaption class='wp-caption-text gallery-caption' id='gallery-1-654'>\n\t\t\t\tFigure 11: Manuscrit Walters 143, f. 69v (d\u00e9tail)\n\t\t\t\t<\/figcaption><\/figure><figure class='gallery-item'>\n\t\t\t<div class='gallery-icon landscape'>\n\t\t\t\t<a href='https:\/\/dlmm.library.jhu.edu\/fr\/bibliotheque-numerique-du-roman-de-la-rose\/histoire-de-la-rose\/walters_143_72v_detail-3\/'><img loading=\"lazy\" decoding=\"async\" width=\"150\" height=\"150\" src=\"https:\/\/dlmm.library.jhu.edu\/wp-content\/uploads\/sites\/26\/2017\/12\/Walters_143_72v_detail-1-150x150.png\" class=\"attachment-thumbnail size-thumbnail\" alt=\"Figure 12: Manuscrit Walters 143, f. 72v (d\u00e9tail)\" aria-describedby=\"gallery-1-653\" \/><\/a>\n\t\t\t<\/div>\n\t\t\t\t<figcaption class='wp-caption-text gallery-caption' id='gallery-1-653'>\n\t\t\t\tFigure 12: Manuscrit Walters 143, f. 72v (d\u00e9tail)\n\t\t\t\t<\/figcaption><\/figure>\n\t\t<\/div>\n\n<p>Au moins trois-cent manuscrits du\u00a0Roman de la Rose\u00a0subsistent. Ils datent des XIIIe, XIVe, XVe et XVIe si\u00e8cles. Pour la plupart, ces livres sont conserv\u00e9s dans des biblioth\u00e8ques europ\u00e9ennes, principalement en France, o\u00f9 la majorit\u00e9 des manuscrits a \u00e9t\u00e9 con\u00e7ue. Trente-six manuscrits du\u00a0Roman de la Rose\u00a0se trouvent actuellement aux Etats-Unis, notamment au Walters Art Museum, \u00e0 Baltimore (Walters 143), au J. Paul Getty Museum, \u00e0 Los Angeles (Ludwig XV7) et \u00e0 la Morgan Library &amp; Museum, \u00e0 New York (Morgan 948\u2014voir la Figure 2). Plusieurs manuscrits se trouvent \u00e9galement dans des collections priv\u00e9es. Deux d&#8217;entre eux font partie de la Biblioth\u00e8que num\u00e9rique du Roman de la Rose (Cox Macro Rose\u00a0and\u00a0Ferrell Rose). Deux autres appartiennent \u00e0 l&#8217;Universit\u00e9 Senshu au Japon (Senshu 2\u2014voir la Figure 5\u2014et\u00a0Senshu 3) et sont \u00e9galement disponibles sur ce site. L&#8217;un des plus anciens manuscrits de la Rose se trouve \u00e0 la Biblioth\u00e8que nationale de France \u00e0 Paris (BnF fr. 1573). Il a \u00e9t\u00e9 copi\u00e9 vers la fin du XIIIe si\u00e8cle, peu de temps apr\u00e8s que Jean de Meung eut fini sa partie du po\u00e8me. Deux des premi\u00e8res versions illustr\u00e9es sont \u00e0 Paris (BnF fr. 378\u2014voir la Figure 1\u2014et BnF fr. 1559). Toutes deux datent de la fin du XIIIe si\u00e8cle. Le dernier manuscrit illustr\u00e9 du\u00a0Roman de la Rose\u00a0est celui de la biblioth\u00e8que Morgan (voir la Figure 2). Comptant 107 miniatures, cette \u0153uvre tardive a \u00e9t\u00e9 \u00e9labor\u00e9e en 1520, apr\u00e8s la parution des premi\u00e8res \u00e9ditions imprim\u00e9es du roman, au tournant du XVIe si\u00e8cle (Rosenwald 396\u2014voir la Figure 3\u2014 and\u00a0Rosenwald 917\u2014voir la Figure 4).<\/p>\n<p>Nombre de manuscrits du\u00a0Roman de la Rose\u00a0sont enlumin\u00e9s, certains de grands cycles de miniatures, et luxueusement orn\u00e9s d&#8217;or et de pigments color\u00e9s. D&#8217;autres, sans illustrations, sont des objets moins co\u00fbteux. Dans certains manuscrits, des espaces ont \u00e9t\u00e9 r\u00e9serv\u00e9s pour des illustrations qui n&#8217;ont jamais \u00e9t\u00e9 r\u00e9alis\u00e9es, faute de temps ou d&#8217;argent. On conna\u00eet certaines informations sur les artistes qui ont illustr\u00e9 ces manuscrits. Les enlumineurs professionnels Richard de Montbaston et sa femme Jeanne (actif de 1325 \u00e0 1353), qui vivaient et travaillaient ensemble rue Neuve Notre-Dame \u00e0 Paris, auraient ainsi illustr\u00e9 dix-neuf des manuscrits connus du Roman de la Rose, y compris celui du Walters (voir les Figures 7 et 8). Les miniatures d&#8217;un manuscrit actuellement \u00e0 Oxford (Douce 195) sont attribu\u00e9es \u00e0 Robinet Testard (actif de 1475 \u00e0 1523), qui enlumina d&#8217;un certain nombre de manuscrits luxueux pour Charles d&#8217;Angoul\u00eame et sa femme Louise de Savoie, \u00e0 Cognac (voir la Figure 9). Morgan 948 a \u00e9t\u00e9 copi\u00e9 par un seul scribe, Girard Acarie, tandis que le manuscrit du Getty est attribu\u00e9 \u00e0 un groupe d&#8217;artistes travaillant dans le style dit &#8220;Bedford Trend&#8221; dans la France du d\u00e9but du XVe si\u00e8cle.<\/p>\n<p>Les manuscrits les plus remarquables ont \u00e9t\u00e9 con\u00e7us pour des commanditaires nobles et des membres de la cour du roi de France. Le manuscrit Douce 195, qui comprend 125 miniatures, appartenait \u00e0 Louise de Savoie (1476-1531), comtesse d&#8217;Angoul\u00eame et r\u00e9gente de France (de 1515 \u00e0 1516). Le manuscrit de la Morgan fut offert \u00e0 son fils Fran\u00e7ois Ier, roi de France (de 1515 \u00e0 1547, voir la Figure 10). Les manuscrits moins co\u00fbteux et sans enluminures (voir la Figure 6) ont pu appartenir \u00e0 des familles riches, \u00e0 des clercs ou \u00e0 des \u00e9crivains qui s&#8217;inpiraient du po\u00e8me, tels que Guillaume de Machaut ou d&#8217;autres qui s&#8217;en offensaient, \u00e0 l&#8217;image de Christine de Pisan et Jean Gerson.<\/p>\n<p>Certains manuscrits du roman sont en excellent \u00e9tat, semblant n&#8217;avoir jamais \u00e9t\u00e9 ni ouverts, ni lus. En revanche, d&#8217;autres exemplaires ont \u00e9t\u00e9 fr\u00e9quemment feuillet\u00e9s et consult\u00e9s : dans de nombreux manuscrits, des feuillets manquent, des illustrations sont ab\u00eem\u00e9es ou supprim\u00e9es et des notes sont inscrites dans les marges. Dans l&#8217;exemplaire du Walters, enlumin\u00e9 au XIVe si\u00e8cle et actuellement disponible \u00e0 Baltimore, les sc\u00e8nes d&#8217;un fr\u00e8re dominicain avec une femme (folio 69v\u2014voir la Figure 11), et un chien v\u00eatu d&#8217;un costume dominicain suivi de trois chiens plus petits (folio 72v\u2014voir la Figure 12) ont \u00e9t\u00e9 ajout\u00e9es dans deux marges. Cela nous renseigne sur les lectures et les interpr\u00e9tations qui ont pu \u00eatre faites du po\u00e8me, ainsi que sur la fa\u00e7on dont les manuscrits du\u00a0Roman de la Rose\u00a0ont \u00e9t\u00e9 utilis\u00e9s et adapt\u00e9s pour diff\u00e9rents usages, du Moyen-\u00e2ge \u00e0 nos jours.<\/p>\n","protected":false},"excerpt":{"rendered":"<p>Histoire et r\u00e9sum\u00e9 du texte par Lori J. Walters Le\u00a0Roman de la Rose\u00a0est le produit du travail de deux auteurs. Commenc\u00e9 par Guillaume de Lorris vers 1230, il est achev\u00e9 [&hellip;]<\/p>\n","protected":false},"author":43,"featured_media":0,"parent":133,"menu_order":1,"comment_status":"closed","ping_status":"closed","template":"","meta":{"_acf_changed":false,"footnotes":""},"class_list":["post-138","page","type-page","status-publish","hentry"],"acf":[],"_links":{"self":[{"href":"https:\/\/dlmm.library.jhu.edu\/fr\/wp-json\/wp\/v2\/pages\/138","targetHints":{"allow":["GET"]}}],"collection":[{"href":"https:\/\/dlmm.library.jhu.edu\/fr\/wp-json\/wp\/v2\/pages"}],"about":[{"href":"https:\/\/dlmm.library.jhu.edu\/fr\/wp-json\/wp\/v2\/types\/page"}],"author":[{"embeddable":true,"href":"https:\/\/dlmm.library.jhu.edu\/fr\/wp-json\/wp\/v2\/users\/43"}],"replies":[{"embeddable":true,"href":"https:\/\/dlmm.library.jhu.edu\/fr\/wp-json\/wp\/v2\/comments?post=138"}],"version-history":[{"count":9,"href":"https:\/\/dlmm.library.jhu.edu\/fr\/wp-json\/wp\/v2\/pages\/138\/revisions"}],"predecessor-version":[{"id":1055,"href":"https:\/\/dlmm.library.jhu.edu\/fr\/wp-json\/wp\/v2\/pages\/138\/revisions\/1055"}],"up":[{"embeddable":true,"href":"https:\/\/dlmm.library.jhu.edu\/fr\/wp-json\/wp\/v2\/pages\/133"}],"wp:attachment":[{"href":"https:\/\/dlmm.library.jhu.edu\/fr\/wp-json\/wp\/v2\/media?parent=138"}],"curies":[{"name":"wp","href":"https:\/\/api.w.org\/{rel}","templated":true}]}}