{"id":145,"date":"2017-08-21T21:39:57","date_gmt":"2017-08-21T21:39:57","guid":{"rendered":"http:\/\/dlmm.wpshared.library.jhu.edu\/?page_id=145"},"modified":"2021-05-03T20:17:53","modified_gmt":"2021-05-03T20:17:53","slug":"145-2","status":"publish","type":"page","link":"https:\/\/dlmm.library.jhu.edu\/fr\/bibliotheque-numerique-du-roman-de-la-rose\/145-2\/","title":{"rendered":"Collection de donn\u00e9es"},"content":{"rendered":"<div class=\"wpb-content-wrapper\"><p>[vc_row][vc_column][vc_column_text]Les donn\u00e9es sur les manuscrits ont \u00e9t\u00e9 r\u00e9pertori\u00e9es dans <a href=\"https:\/\/docs.google.com\/spreadsheets\/d\/18H_BXseJ6fg--c7_JCf7KzlRShU1HePv8epDoPakD0E\/edit#gid=1002752195\">une feuille de calcul Google consultable<\/a>.[\/vc_column_text][\/vc_column][\/vc_row]<\/p>\n<\/div>","protected":false},"excerpt":{"rendered":"<p>[vc_row][vc_column][vc_column_text]Les donn\u00e9es sur les manuscrits ont \u00e9t\u00e9 r\u00e9pertori\u00e9es dans une feuille de calcul Google consultable.[\/vc_column_text][\/vc_column][\/vc_row]<\/p>\n","protected":false},"author":43,"featured_media":0,"parent":133,"menu_order":3,"comment_status":"closed","ping_status":"closed","template":"","meta":{"_acf_changed":false,"footnotes":""},"class_list":["post-145","page","type-page","status-publish","hentry"],"acf":[],"_links":{"self":[{"href":"https:\/\/dlmm.library.jhu.edu\/fr\/wp-json\/wp\/v2\/pages\/145","targetHints":{"allow":["GET"]}}],"collection":[{"href":"https:\/\/dlmm.library.jhu.edu\/fr\/wp-json\/wp\/v2\/pages"}],"about":[{"href":"https:\/\/dlmm.library.jhu.edu\/fr\/wp-json\/wp\/v2\/types\/page"}],"author":[{"embeddable":true,"href":"https:\/\/dlmm.library.jhu.edu\/fr\/wp-json\/wp\/v2\/users\/43"}],"replies":[{"embeddable":true,"href":"https:\/\/dlmm.library.jhu.edu\/fr\/wp-json\/wp\/v2\/comments?post=145"}],"version-history":[{"count":13,"href":"https:\/\/dlmm.library.jhu.edu\/fr\/wp-json\/wp\/v2\/pages\/145\/revisions"}],"predecessor-version":[{"id":1057,"href":"https:\/\/dlmm.library.jhu.edu\/fr\/wp-json\/wp\/v2\/pages\/145\/revisions\/1057"}],"up":[{"embeddable":true,"href":"https:\/\/dlmm.library.jhu.edu\/fr\/wp-json\/wp\/v2\/pages\/133"}],"wp:attachment":[{"href":"https:\/\/dlmm.library.jhu.edu\/fr\/wp-json\/wp\/v2\/media?parent=145"}],"curies":[{"name":"wp","href":"https:\/\/api.w.org\/{rel}","templated":true}]}}