{"id":172,"date":"2017-08-21T22:10:50","date_gmt":"2017-08-21T22:10:50","guid":{"rendered":"http:\/\/dlmm.wpshared.library.jhu.edu\/?page_id=172"},"modified":"2021-05-03T20:19:09","modified_gmt":"2021-05-03T20:19:09","slug":"noms-des-personnages","status":"publish","type":"page","link":"https:\/\/dlmm.library.jhu.edu\/fr\/bibliotheque-numerique-du-roman-de-la-rose\/noms-des-personnages\/","title":{"rendered":"Noms des personnages"},"content":{"rendered":"<div class=\"wpb-content-wrapper\"><p>[vc_row][vc_column][vc_column_text]<span lang=\"FR\">Voici une liste de noms de plusieurs personnages figurant dans le po\u00e8me, avec certaines variantes. Dans la premi\u00e8re colonne, les noms des personnages et les variantes sont en ancien fran\u00e7ais. Dans la colonne suivante, ils sont traduits en anglais moderne. Tous ces noms peuvent faire l\u2019objet d\u2019une recherche. Cette liste est non-exhaustive et des mises \u00e0 jour prochaines incluront davantage de noms.<\/span><\/p>\n<p><span lang=\"FR\">Vous pouvez utiliser le <a href=\"https:\/\/dlmm.library.jhu.edu\/viewer\/\" target=\"_blank\" rel=\"noopener\">lecteur de manuscrit<\/a> pour rechercher des noms de personnages dans les transcriptions et les descriptions d\u2019images.<\/span><\/p>\n<table width=\"1289\">\n<tbody>\n<tr>\n<td width=\"192\"><strong>Nom<\/strong><\/td>\n<td width=\"573\"><strong>Fran\u00e7ais<\/strong><\/td>\n<td width=\"524\"><b>Anglais<\/b><\/td>\n<\/tr>\n<tr>\n<td>Adonis<\/td>\n<td>Adonys<\/td>\n<td>Adonis<\/td>\n<\/tr>\n<tr>\n<td>Amis<\/td>\n<td>Ami, Amys<\/td>\n<td>Friend<\/td>\n<\/tr>\n<tr>\n<td>Amors<\/td>\n<td>Amour, Amor, Amours<\/td>\n<td>God of Love, Love<\/td>\n<\/tr>\n<tr>\n<td>Appius Claudius<\/td>\n<td>Appius, Apius, Claudius<\/td>\n<td>Appius Claudius<\/td>\n<\/tr>\n<tr>\n<td>Art<\/td>\n<td>Ars<\/td>\n<td>Art<\/td>\n<\/tr>\n<tr>\n<td>Atropos<\/td>\n<td>Atroppos<\/td>\n<td>Atropos<\/td>\n<\/tr>\n<tr>\n<td>Avarice<\/td>\n<td><\/td>\n<td>Avarice<\/td>\n<\/tr>\n<tr>\n<td>Baraz<\/td>\n<td>Barat, Tromperie<\/td>\n<td>Fraud<\/td>\n<\/tr>\n<tr>\n<td>Bel Acueil<\/td>\n<td>Bel Accueil, Bel Acuel, Bel Acueill, Bel Acuell, Belacueil, Bialacoil, Bel Aqueil<\/td>\n<td>Fair Welcoming, Responsiveness<\/td>\n<\/tr>\n<tr>\n<td>Biautez<\/td>\n<td>Beaut\u00e9, Biaut\u00e9, Beaulte, Beautes<\/td>\n<td>Beauty<\/td>\n<\/tr>\n<tr>\n<td>Bien Celer<\/td>\n<td><\/td>\n<td>Skillful Concealment<\/td>\n<\/tr>\n<tr>\n<td>Charles I of Naples<\/td>\n<td>Charles conte d&#8217;Anjou et de Prouvance, Karles<\/td>\n<td>Charles of Anjou<\/td>\n<\/tr>\n<tr>\n<td>Chastete<\/td>\n<td>Chasteez, Chiascece, Chastee<\/td>\n<td>Chastity<\/td>\n<\/tr>\n<tr>\n<td>Cheance<\/td>\n<td><\/td>\n<td>Chance<\/td>\n<\/tr>\n<tr>\n<td>Compaignie<\/td>\n<td>Compagnie, Compagniee<\/td>\n<td>Company<\/td>\n<\/tr>\n<tr>\n<td>Contreinte Atenance<\/td>\n<td>Attenance, Contrainte Abstinence, Abstinence Contrainte<\/td>\n<td>Abstinence<\/td>\n<\/tr>\n<tr>\n<td>Contreinte Atenance<\/td>\n<td>Attenance, Contrainte Abstinence, Abstinence Contrainte<\/td>\n<td>Forced Abstinence, Constrained Abstinence<\/td>\n<\/tr>\n<tr>\n<td>Cortoisie<\/td>\n<td>Courtoysie, Courtoisye<\/td>\n<td>Courtesy<\/td>\n<\/tr>\n<tr>\n<td>Coupe Gorge<\/td>\n<td><\/td>\n<td>Cut-Throat<\/td>\n<\/tr>\n<tr>\n<td>Covoitise<\/td>\n<td>Convoitise, Couvoitise, Conveitise<\/td>\n<td>Covetousness, Greed<\/td>\n<\/tr>\n<tr>\n<td>Croesus<\/td>\n<td>Cressus, Cresus<\/td>\n<td>Croesus of Lydia<\/td>\n<\/tr>\n<tr>\n<td>Cupido<\/td>\n<td><\/td>\n<td>Cupid<\/td>\n<\/tr>\n<tr>\n<td>Dame Habonde<\/td>\n<td><\/td>\n<td>Lady Abundance<\/td>\n<\/tr>\n<tr>\n<td>Dangier<\/td>\n<td>Dangiers, Dengier<\/td>\n<td>Resistance, Rebuff, Refusal, Danger<\/td>\n<\/tr>\n<tr>\n<td>Deduiz<\/td>\n<td>Deduit, Deduitz, Deduys, Deduyt, Deduyz<\/td>\n<td>Pleasure, Diversion, Delight<\/td>\n<\/tr>\n<tr>\n<td>Delilah<\/td>\n<td>Dalila, Dallida, Dalida<\/td>\n<td>Delilah<\/td>\n<\/tr>\n<tr>\n<td>Deliz<\/td>\n<td>Delit, Delitz, Delez, Deles<\/td>\n<td>Delight<\/td>\n<\/tr>\n<tr>\n<td>Demophon<\/td>\n<td>D\u00e9mophon<\/td>\n<td>Demophon<\/td>\n<\/tr>\n<tr>\n<td>Desesperance<\/td>\n<td><\/td>\n<td>Hopelessness, Despair<\/td>\n<\/tr>\n<tr>\n<td>Deucalion<\/td>\n<td>Dancalion<\/td>\n<td>Deucalion<\/td>\n<\/tr>\n<tr>\n<td>Dex<\/td>\n<td>Dieu, Diex<\/td>\n<td>God<\/td>\n<\/tr>\n<tr>\n<td>Dido<\/td>\n<td><\/td>\n<td>Dido<\/td>\n<\/tr>\n<tr>\n<td>Diogenes<\/td>\n<td>Dyogenes, Dyogen\u00e9s<\/td>\n<td>Diogenes<\/td>\n<\/tr>\n<tr>\n<td>Douz Palers<\/td>\n<td>Douz Parlers, Doux Parler, Doux Parlers, Doulx Parler<\/td>\n<td>Sweet Talk<\/td>\n<\/tr>\n<tr>\n<td>Douz Pensers<\/td>\n<td>Doulx Penser, Doulx Pencer<\/td>\n<td>Sweet Thought<\/td>\n<\/tr>\n<tr>\n<td>Douz Regart<\/td>\n<td>Doulz Regart, Dous Regart, Doux Regart, Doulx Regard<\/td>\n<td>Sweet Looks<\/td>\n<\/tr>\n<tr>\n<td>Empedocles<\/td>\n<td><\/td>\n<td>Empedocles<\/td>\n<\/tr>\n<tr>\n<td>Envie<\/td>\n<td>Ennvis, Ennvy, Envye<\/td>\n<td>Envy<\/td>\n<\/tr>\n<tr>\n<td>Esperance<\/td>\n<td>Esp\u00e9rance<\/td>\n<td>Hope<\/td>\n<\/tr>\n<tr>\n<td>Fain<\/td>\n<td>Faim<\/td>\n<td>Hunger<\/td>\n<\/tr>\n<tr>\n<td>Fausemblant<\/td>\n<td>Faux Semblant, Faus Semblant, Faus Samblant, Faulx Semblant<\/td>\n<td>False Seeming, Fraud<\/td>\n<\/tr>\n<tr>\n<td>Felonie<\/td>\n<td>Felonnie<\/td>\n<td>Violence, Cruelty<\/td>\n<\/tr>\n<tr>\n<td>Fole Largece<\/td>\n<td>Fol Largece<\/td>\n<td>Foolish Generosity<\/td>\n<\/tr>\n<tr>\n<td>Fortune<\/td>\n<td><\/td>\n<td>Fortune<\/td>\n<\/tr>\n<tr>\n<td>Franchise<\/td>\n<td>Franchisse<\/td>\n<td>Openness, Generosity of Spirit<\/td>\n<\/tr>\n<tr>\n<td>Galatea<\/td>\n<td>Galatea<\/td>\n<td>Galatea<\/td>\n<\/tr>\n<tr>\n<td>Gauvain<\/td>\n<td>Gauvains<\/td>\n<td>Gawain<\/td>\n<\/tr>\n<tr>\n<td>Gentillece<\/td>\n<td>Gentillesse<\/td>\n<td>Nobility<\/td>\n<\/tr>\n<tr>\n<td>Genyus<\/td>\n<td>Genius<\/td>\n<td>Genius<\/td>\n<\/tr>\n<tr>\n<td>Guillaume de Lorris<\/td>\n<td>Guillaume de Lorriz, Guillaumes<\/td>\n<td>Guillaume de Lorris<\/td>\n<\/tr>\n<tr>\n<td>Haine<\/td>\n<td>Hayne, Ha\u00efne<\/td>\n<td>Hate<\/td>\n<\/tr>\n<tr>\n<td>Hardement<\/td>\n<td>Hardemens, Hardemenz, Eardemant<\/td>\n<td>Boldness<\/td>\n<\/tr>\n<tr>\n<td>Hercules<\/td>\n<td>Hercul\u00e9s, Ercules<\/td>\n<td>Hercules<\/td>\n<\/tr>\n<tr>\n<td>Honneur<\/td>\n<td><\/td>\n<td>Honor<\/td>\n<\/tr>\n<tr>\n<td>Honte<\/td>\n<td><\/td>\n<td>Shame, Modesty<\/td>\n<\/tr>\n<tr>\n<td>Humilitez<\/td>\n<td>Humilite<\/td>\n<td>Humility<\/td>\n<\/tr>\n<tr>\n<td>Hypocrisy<\/td>\n<td>Ypocrisie<\/td>\n<td>Hypocracy<\/td>\n<\/tr>\n<tr>\n<td>Jalous<\/td>\n<td>Ialoux<\/td>\n<td>Jealous Husband<\/td>\n<\/tr>\n<tr>\n<td>Jalousie<\/td>\n<td>Ialousie<\/td>\n<td>Jealousy<\/td>\n<\/tr>\n<tr>\n<td>Jason<\/td>\n<td>Jason de Medee, Iason<\/td>\n<td>Jason<\/td>\n<\/tr>\n<tr>\n<td>Jean de Meun<\/td>\n<td>Jean Clopinel, Jehan Clopinel, Iehan Clopinel<\/td>\n<td>Jean de Meun<\/td>\n<\/tr>\n<tr>\n<td>Joinece<\/td>\n<td>Jeunesse, Ieunesse, Jeunece, Ieunece, Ionece<\/td>\n<td>Youth<\/td>\n<\/tr>\n<tr>\n<td>Joliete<\/td>\n<td>Iolietez<\/td>\n<td>Gaiety<\/td>\n<\/tr>\n<tr>\n<td>Joutice<\/td>\n<td>Justice, Iustice<\/td>\n<td>Justice<\/td>\n<\/tr>\n<tr>\n<td>Juno<\/td>\n<td>Iuno<\/td>\n<td>Juno<\/td>\n<\/tr>\n<tr>\n<td>Jupiter<\/td>\n<td>Iupiter<\/td>\n<td>Jupiter<\/td>\n<\/tr>\n<tr>\n<td>L&#8217;Amans<\/td>\n<td>Amans, Amant<\/td>\n<td>Lover, Dreamer<\/td>\n<\/tr>\n<tr>\n<td>Laide<\/td>\n<td><\/td>\n<td>Ugliness<\/td>\n<\/tr>\n<tr>\n<td>Largesce<\/td>\n<td>Largesse, Largeice Largece<\/td>\n<td>Generosity, Largesse<\/td>\n<\/tr>\n<tr>\n<td>Larrecin<\/td>\n<td><\/td>\n<td>Larceny<\/td>\n<\/tr>\n<tr>\n<td>Lecherie<\/td>\n<td>Lecherye<\/td>\n<td>Lechery<\/td>\n<\/tr>\n<tr>\n<td>Ledeur<\/td>\n<td>Laideur<\/td>\n<td>Ugliness<\/td>\n<\/tr>\n<tr>\n<td>Leesce<\/td>\n<td>Leece, Liesse<\/td>\n<td>Joy<\/td>\n<\/tr>\n<tr>\n<td>Lucretia<\/td>\n<td>Lucresse, Lucrece<\/td>\n<td>Lucretia<\/td>\n<\/tr>\n<tr>\n<td>Mal Aventure<\/td>\n<td><\/td>\n<td>Misfortune<\/td>\n<\/tr>\n<tr>\n<td>Male Bouche<\/td>\n<td><\/td>\n<td>Foul Mouth, Scandal<\/td>\n<\/tr>\n<tr>\n<td>Manfred<\/td>\n<td>Mainfroy, Menfroy<\/td>\n<td>Manfred<\/td>\n<\/tr>\n<tr>\n<td>Mars<\/td>\n<td><\/td>\n<td>Mars<\/td>\n<\/tr>\n<tr>\n<td>Maufez<\/td>\n<td>Mauf\u00e9<\/td>\n<td>Misdeeds<\/td>\n<\/tr>\n<tr>\n<td>Mort<\/td>\n<td>Mors<\/td>\n<td>Death<\/td>\n<\/tr>\n<tr>\n<td>Narcisus<\/td>\n<td>Narcisse<\/td>\n<td>Narcissus<\/td>\n<\/tr>\n<tr>\n<td>Nature<\/td>\n<td><\/td>\n<td>Nature<\/td>\n<\/tr>\n<tr>\n<td>Nero<\/td>\n<td>Neron, Noiron, Noyron, Nayron<\/td>\n<td>Nero<\/td>\n<\/tr>\n<tr>\n<td>Noblece de Cuer<\/td>\n<td>Noblesse de Cueur<\/td>\n<td>Nobility of heart<\/td>\n<\/tr>\n<tr>\n<td>Nouveau Penser<\/td>\n<td><\/td>\n<td>New Thought<\/td>\n<\/tr>\n<tr>\n<td>Oiseuse<\/td>\n<td>Dame Oiseuse, Oyseuse<\/td>\n<td>Idleness, Ease, Leisure<\/td>\n<\/tr>\n<tr>\n<td>Orguel<\/td>\n<td>Orgueil<\/td>\n<td>Pride<\/td>\n<\/tr>\n<tr>\n<td>Origen<\/td>\n<td>Origines, Origenes<\/td>\n<td>Origen<\/td>\n<\/tr>\n<tr>\n<td>Papelardie<\/td>\n<td>Papelardye, Ypocrisie<\/td>\n<td>Pope-Holiness, Religious Hypocrisy, Hypocrisy<\/td>\n<\/tr>\n<tr>\n<td>Peccune<\/td>\n<td>Pecune<\/td>\n<td>Riches<\/td>\n<\/tr>\n<tr>\n<td>Peches<\/td>\n<td><\/td>\n<td>Sin<\/td>\n<\/tr>\n<tr>\n<td>Peor<\/td>\n<td>Poor, Peur, Paour, Baour<\/td>\n<td>Fear, Timidity<\/td>\n<\/tr>\n<tr>\n<td>Phanie<\/td>\n<td>Phanye, Phaine<\/td>\n<td>Phania<\/td>\n<\/tr>\n<tr>\n<td>Phyllis<\/td>\n<td>Phillis<\/td>\n<td>Phyllis<\/td>\n<\/tr>\n<tr>\n<td>Pitie<\/td>\n<td>Pitiez, Piti\u00e9<\/td>\n<td>Pity<\/td>\n<\/tr>\n<tr>\n<td>Povrete<\/td>\n<td>Povretez, Povret\u00e9<\/td>\n<td>Poverty<\/td>\n<\/tr>\n<tr>\n<td>Pygmalion<\/td>\n<td>Pymalion, Pimalion, Pimalyon<\/td>\n<td>Pigmalion<\/td>\n<\/tr>\n<tr>\n<td>Pyrrha<\/td>\n<td>Pirra<\/td>\n<td>Pyrrha<\/td>\n<\/tr>\n<tr>\n<td>Reson<\/td>\n<td>Raison<\/td>\n<td>Reason<\/td>\n<\/tr>\n<tr>\n<td>Richece<\/td>\n<td>Richesse<\/td>\n<td>Wealth<\/td>\n<\/tr>\n<tr>\n<td>Samson<\/td>\n<td>Sanson<\/td>\n<td>Samson<\/td>\n<\/tr>\n<tr>\n<td>Saturn<\/td>\n<td>Saturnus, Saturne<\/td>\n<td>Saturn<\/td>\n<\/tr>\n<tr>\n<td>Scipio<\/td>\n<td>Scypion, Scipion<\/td>\n<td>Scipio<\/td>\n<\/tr>\n<tr>\n<td>Seneca<\/td>\n<td>Seneque, S\u00e9n\u00e8que, Senecque<\/td>\n<td>Seneca<\/td>\n<\/tr>\n<tr>\n<td>Seurtez<\/td>\n<td>Seurte, S\u00fbret\u00e9, Se\u00fcrt\u00e9<\/td>\n<td>Security<\/td>\n<\/tr>\n<tr>\n<td>Simplesce<\/td>\n<td>Simplece, Simpleice, Simplesse<\/td>\n<td>Simplicity<\/td>\n<\/tr>\n<tr>\n<td>Socrates<\/td>\n<td>Socrat\u00e9s<\/td>\n<td>Socrates<\/td>\n<\/tr>\n<tr>\n<td>Themis<\/td>\n<td>Themys, Themis<\/td>\n<td>Themis<\/td>\n<\/tr>\n<tr>\n<td>Travail<\/td>\n<td>Travaill, Travaille<\/td>\n<td>Work<\/td>\n<\/tr>\n<tr>\n<td>Tritesce<\/td>\n<td>Tristesse, Tristesce<\/td>\n<td>Sorrow, Misery<\/td>\n<\/tr>\n<tr>\n<td>Venus<\/td>\n<td>V\u00e9nus<\/td>\n<td>Venus<\/td>\n<\/tr>\n<tr>\n<td>Vieille<\/td>\n<td>Vielle<\/td>\n<td>Old Woman<\/td>\n<\/tr>\n<tr>\n<td>Vielleice<\/td>\n<td>Viellesse, Viellece<\/td>\n<td>Old Age, Senility<\/td>\n<\/tr>\n<tr>\n<td>Vilanie<\/td>\n<td>Vilanie, Vilenie, Villennie<\/td>\n<td>Villainy, Abuse, Baseness<\/td>\n<\/tr>\n<tr>\n<td>Virginia<\/td>\n<td>Virgine, Virginie, Virgeyne<\/td>\n<td>Virginia<\/td>\n<\/tr>\n<tr>\n<td>Vulcan<\/td>\n<td>Vulcanus, Vulcain<\/td>\n<td>Vulcan<\/td>\n<\/tr>\n<tr>\n<td>Zeusis<\/td>\n<td>Zeusys, Zensis<\/td>\n<td>Zeusis<\/td>\n<\/tr>\n<\/tbody>\n<\/table>\n<p>[\/vc_column_text][\/vc_column][\/vc_row]<\/p>\n<\/div>","protected":false},"excerpt":{"rendered":"<p>[vc_row][vc_column][vc_column_text]Voici une liste de noms de plusieurs personnages figurant dans le po\u00e8me, avec certaines variantes. Dans la premi\u00e8re colonne, les noms des personnages et les variantes sont en ancien fran\u00e7ais. [&hellip;]<\/p>\n","protected":false},"author":43,"featured_media":0,"parent":133,"menu_order":5,"comment_status":"closed","ping_status":"closed","template":"","meta":{"_acf_changed":false,"footnotes":""},"class_list":["post-172","page","type-page","status-publish","hentry"],"acf":[],"_links":{"self":[{"href":"https:\/\/dlmm.library.jhu.edu\/fr\/wp-json\/wp\/v2\/pages\/172","targetHints":{"allow":["GET"]}}],"collection":[{"href":"https:\/\/dlmm.library.jhu.edu\/fr\/wp-json\/wp\/v2\/pages"}],"about":[{"href":"https:\/\/dlmm.library.jhu.edu\/fr\/wp-json\/wp\/v2\/types\/page"}],"author":[{"embeddable":true,"href":"https:\/\/dlmm.library.jhu.edu\/fr\/wp-json\/wp\/v2\/users\/43"}],"replies":[{"embeddable":true,"href":"https:\/\/dlmm.library.jhu.edu\/fr\/wp-json\/wp\/v2\/comments?post=172"}],"version-history":[{"count":8,"href":"https:\/\/dlmm.library.jhu.edu\/fr\/wp-json\/wp\/v2\/pages\/172\/revisions"}],"predecessor-version":[{"id":1059,"href":"https:\/\/dlmm.library.jhu.edu\/fr\/wp-json\/wp\/v2\/pages\/172\/revisions\/1059"}],"up":[{"embeddable":true,"href":"https:\/\/dlmm.library.jhu.edu\/fr\/wp-json\/wp\/v2\/pages\/133"}],"wp:attachment":[{"href":"https:\/\/dlmm.library.jhu.edu\/fr\/wp-json\/wp\/v2\/media?parent=172"}],"curies":[{"name":"wp","href":"https:\/\/api.w.org\/{rel}","templated":true}]}}