{"id":205,"date":"2017-09-06T17:17:41","date_gmt":"2017-09-06T17:17:41","guid":{"rendered":"http:\/\/dlmm.wpshared.library.jhu.edu\/?page_id=205"},"modified":"2021-05-03T20:23:33","modified_gmt":"2021-05-03T20:23:33","slug":"mentions-legales","status":"publish","type":"page","link":"https:\/\/dlmm.library.jhu.edu\/fr\/information-et-histoire-du-projet\/mentions-legales\/","title":{"rendered":"Mentions l\u00e9gales"},"content":{"rendered":"<div class=\"wpb-content-wrapper\"><p>[vc_row][vc_column][vc_column_text]<\/p>\n<h2>Clause de non-responsabilit\u00e9<\/h2>\n<p>En raison de la nature et de l\u2019ampleur du projet de la Biblioth\u00e8que Num\u00e9rique du <em>Roman de la Rose<\/em>, ce site est en cours de d\u00e9veloppement. En d\u00e9pit de nos efforts, nous ne pouvons garantir que tous nos contenus soient exacts et complets, et nous vous demandons de bien vouloir nous contacter suivant les indications donn\u00e9es ci-dessous si vous trouvez une erreur. Veuillez noter qu\u2019actuellement tous les manuscrits n\u2019ont pas de transcription et\/ou de description codicologique. L\u2019exactitude de nombreuses transcriptions n\u2019a pas encore \u00e9t\u00e9 v\u00e9rifi\u00e9e. Ces informations seront mises \u00e0 jour aussit\u00f4t qu\u2019elles seront disponibles et nous vous encourageons \u00e0 consulter le site r\u00e9guli\u00e8rement pour cette raison.<\/p>\n<p>Nous vous informons que de nouveaux num\u00e9ros de folios ont \u00e9t\u00e9 attribu\u00e9s aux manuscrits dans lesquels des erreurs du foliotage ont \u00e9t\u00e9 trouv\u00e9es.<\/p>\n<p>Nous vous remercions pour votre patience et votre soutien dans l\u2019\u00e9volution de cette ressource universitaire.<\/p>\n<h2>Conditions d\u2019utilisations de la Biblioth\u00e8que Num\u00e9rique<\/h2>\n<p>L\u2019int\u00e9gralit\u00e9 du site est prot\u00e9g\u00e9 par les droits d\u2019auteurs d\u00e9tenus par l\u2019universit\u00e9 Johns Hopkins tandis que les droits des manuscrits et images individuels sont r\u00e9serv\u00e9s aux biblioth\u00e8ques-source. Les images peuvent \u00eatre consult\u00e9es sans paiement ni autorisation suppl\u00e9mentaire, \u00e9tant entendu qu&#8217;elles ont \u00e9t\u00e9 mises \u00e0 disposition \u00e0 des fins d&#8217;\u00e9tudes universitaires ou priv\u00e9es uniquement. Toute autre utilisation de ces images n\u00e9cessite l&#8217;autorisation \u00e9crite sp\u00e9cifique des titulaires de droits d&#8217;auteur qui se r\u00e9servent un droit de facturation. Les utilisations n\u00e9cessitant une telle autorisation comprennent, mais ne sont pas limit\u00e9es \u00e0\u00a0:<\/p>\n<ul>\n<li>La publication dans un quelconque format papier,<\/li>\n<li>L\u2019utilisation pour la t\u00e9l\u00e9vision, des films ou autres vid\u00e9os,<\/li>\n<li>La publication dans une forme quelconque d\u2019image, modifi\u00e9e ou non,<\/li>\n<li>La duplication d\u2019une image sur un quelconque site publique, r\u00e9seau social ou biblioth\u00e8que num\u00e9rique,<\/li>\n<li>La duplication pour l\u2019utilisation dans n\u2019importe quel contenu d\u2019enseignement.<\/li>\n<\/ul>\n<p>Le t\u00e9l\u00e9chargement des images n\u2019est pas disponible sur ce site.<\/p>\n<h2>Clause de confidentialit\u00e9<\/h2>\n<p>Afin d\u2019identifier les priorit\u00e9s pour l\u2019acquisition de contenu suppl\u00e9mentaire ou le d\u00e9veloppement de fonctionnalit\u00e9s, nous utilisons Google Analytics pour suivre les sch\u00e9mas d\u2019utilisation des visiteurs de ce site. Les donn\u00e9es collect\u00e9es ne sont pas li\u00e9es aux informations personnelles ou \u00e0 l\u2019identit\u00e9 de l\u2019utilisateur. Pour plus d\u2019informations, veuillez consulter la clause de confidentialit\u00e9 des biblioth\u00e8ques Sheridan.[\/vc_column_text][\/vc_column][\/vc_row]<\/p>\n<\/div>","protected":false},"excerpt":{"rendered":"<p>[vc_row][vc_column][vc_column_text] Clause de non-responsabilit\u00e9 En raison de la nature et de l\u2019ampleur du projet de la Biblioth\u00e8que Num\u00e9rique du Roman de la Rose, ce site est en cours de d\u00e9veloppement. [&hellip;]<\/p>\n","protected":false},"author":43,"featured_media":0,"parent":219,"menu_order":0,"comment_status":"closed","ping_status":"closed","template":"","meta":{"_acf_changed":false,"footnotes":""},"class_list":["post-205","page","type-page","status-publish","hentry"],"acf":[],"_links":{"self":[{"href":"https:\/\/dlmm.library.jhu.edu\/fr\/wp-json\/wp\/v2\/pages\/205","targetHints":{"allow":["GET"]}}],"collection":[{"href":"https:\/\/dlmm.library.jhu.edu\/fr\/wp-json\/wp\/v2\/pages"}],"about":[{"href":"https:\/\/dlmm.library.jhu.edu\/fr\/wp-json\/wp\/v2\/types\/page"}],"author":[{"embeddable":true,"href":"https:\/\/dlmm.library.jhu.edu\/fr\/wp-json\/wp\/v2\/users\/43"}],"replies":[{"embeddable":true,"href":"https:\/\/dlmm.library.jhu.edu\/fr\/wp-json\/wp\/v2\/comments?post=205"}],"version-history":[{"count":5,"href":"https:\/\/dlmm.library.jhu.edu\/fr\/wp-json\/wp\/v2\/pages\/205\/revisions"}],"predecessor-version":[{"id":1067,"href":"https:\/\/dlmm.library.jhu.edu\/fr\/wp-json\/wp\/v2\/pages\/205\/revisions\/1067"}],"up":[{"embeddable":true,"href":"https:\/\/dlmm.library.jhu.edu\/fr\/wp-json\/wp\/v2\/pages\/219"}],"wp:attachment":[{"href":"https:\/\/dlmm.library.jhu.edu\/fr\/wp-json\/wp\/v2\/media?parent=205"}],"curies":[{"name":"wp","href":"https:\/\/api.w.org\/{rel}","templated":true}]}}