{"id":210,"date":"2017-09-06T17:20:03","date_gmt":"2017-09-06T17:20:03","guid":{"rendered":"http:\/\/dlmm.wpshared.library.jhu.edu\/?page_id=210"},"modified":"2021-05-03T20:25:27","modified_gmt":"2021-05-03T20:25:27","slug":"collaborateurs","status":"publish","type":"page","link":"https:\/\/dlmm.library.jhu.edu\/fr\/information-et-histoire-du-projet\/collaborateurs\/","title":{"rendered":"Partenaires"},"content":{"rendered":"<div class=\"wpb-content-wrapper\"><p>[vc_row][vc_column][vc_column_text]<\/p>\n<h2>Biblioth\u00e8que Num\u00e9rique du <em>Roman de la rose<\/em><\/h2>\n<p>La Biblioth\u00e8que Num\u00e9rique du <em>Roman de la rose<\/em> est un projet collaboratif de l\u2019universit\u00e9 Johns Hopkins et de la Biblioth\u00e8que Nationale de France. La cr\u00e9ation de ce site et la num\u00e9risation des manuscrits de la Biblioth\u00e8que Nationale ont \u00e9t\u00e9 rendues possibles gr\u00e2ce au soutien g\u00e9n\u00e9reux de la fondation Andrez W. Mellon.<\/p>\n<p>Les manuscrits accessibles via la Biblioth\u00e8que Num\u00e9rique du <em>Roman de la rose <\/em>sont d\u00e9tenues par les institutions suivantes\u00a0:<\/p>\n<ul>\n<li><a href=\"http:\/\/www.ouls.ox.ac.uk\/bodley\">The Bodleian Library, Oxford University<\/a><\/li>\n<li><a href=\"http:\/\/www.getty.edu\/\">The J. Paul Getty Museum<\/a><\/li>\n<li><a href=\"http:\/\/www.loc.gov\/index.html\">Library of Congress<\/a><\/li>\n<li><a href=\"http:\/\/morganlibrary.org\/\">The Morgan Library &amp; Museum<\/a><\/li>\n<li><a href=\"http:\/\/www.senshu-u.ac.jp\/koho\/english\/program\/library.html\">Senshu University Library<\/a><\/li>\n<li><a href=\"http:\/\/www1.lib.uchicago.edu\/e\/index.php3\">The University of Chicago Library<\/a><\/li>\n<li><a href=\"http:\/\/www.thewalters.org\/\">The Walters Art Museum<\/a><\/li>\n<li><a href=\"http:\/\/www.philamuseum.org\/\">The Philadelphia Museum of Art<\/a><\/li>\n<li><a href=\"http:\/\/www.library.upenn.edu\/\">The University of Pennsylvania Library<\/a><\/li>\n<li><a href=\"http:\/\/www.library.manchester.ac.uk\/\">The John Rylands University Library<\/a><\/li>\n<li><a href=\"http:\/\/www.fondationbodmer.org\/\">Fondation Martin Bodmer<\/a><\/li>\n<li><a href=\"http:\/\/www.lib.gla.ac.uk\/\">The University of Glasgow Library<\/a><\/li>\n<\/ul>\n<p>Le projet qui a pr\u00e9c\u00e9d\u00e9 la Biblioth\u00e8que Num\u00e9rique du <em>Roman de la rose <\/em>\u00e9tait le projet des Copies Num\u00e9riques du <em>Roman de la rose<\/em>. Il fut initi\u00e9 par les biblioth\u00e8ques Sheridan, l\u2019universit\u00e9 Johns Hopkins et les biblioth\u00e8que et mus\u00e9e Morgan. Le projet a re\u00e7u le soutien du Walters Art Museum, la biblioth\u00e8que Bodleian, le mus\u00e9e J. Paul Getty, la fondation Samuel H. Kress, la fondation Gladys Kriebel Delmas et des Ameritech Library Services.<\/p>\n<h2>Scriptorium Num\u00e9rique de Christine de Pizan<\/h2>\n<p>Le Scriptorium Num\u00e9rique de Christine de Pizan est un projet collaboratif de la biblioth\u00e8que Sheridan de l\u2019universit\u00e9 Johns Hopkins, du projet MARGOT de l\u2019Universit\u00e9 de Waterloo et de la Biblioth\u00e8que nationale de France (BnF). La cr\u00e9ation de cette ressource et la num\u00e9risation des manuscrits de la BnF ont \u00e9t\u00e9 rendues possibles gr\u00e2ce au soutien g\u00e9n\u00e9reux du Minist\u00e8re de la Recherche et de l\u2019Innovation d\u2019Ontario.<\/p>\n<ul>\n<li><a href=\"http:\/\/www.bnf.fr\/\">Biblioth\u00e8que nationale de France<\/a><\/li>\n<li>Biblioth\u00e8que de l\u2019Arsenal<\/li>\n<li><a href=\"http:\/\/www.library.jhu.edu\/\">Sheridan Libraries<\/a>\u00a0of Johns Hopkins University<\/li>\n<li><a href=\"http:\/\/www.ontario.ca\/ministry-research-innovation\">Ontario Ministry of Research and Innovation<\/a><\/li>\n<\/ul>\n<p>[\/vc_column_text][\/vc_column][\/vc_row]<\/p>\n<\/div>","protected":false},"excerpt":{"rendered":"<p>[vc_row][vc_column][vc_column_text] Biblioth\u00e8que Num\u00e9rique du Roman de la rose La Biblioth\u00e8que Num\u00e9rique du Roman de la rose est un projet collaboratif de l\u2019universit\u00e9 Johns Hopkins et de la Biblioth\u00e8que Nationale de [&hellip;]<\/p>\n","protected":false},"author":43,"featured_media":0,"parent":219,"menu_order":0,"comment_status":"closed","ping_status":"closed","template":"","meta":{"_acf_changed":false,"footnotes":""},"class_list":["post-210","page","type-page","status-publish","hentry"],"acf":[],"_links":{"self":[{"href":"https:\/\/dlmm.library.jhu.edu\/fr\/wp-json\/wp\/v2\/pages\/210","targetHints":{"allow":["GET"]}}],"collection":[{"href":"https:\/\/dlmm.library.jhu.edu\/fr\/wp-json\/wp\/v2\/pages"}],"about":[{"href":"https:\/\/dlmm.library.jhu.edu\/fr\/wp-json\/wp\/v2\/types\/page"}],"author":[{"embeddable":true,"href":"https:\/\/dlmm.library.jhu.edu\/fr\/wp-json\/wp\/v2\/users\/43"}],"replies":[{"embeddable":true,"href":"https:\/\/dlmm.library.jhu.edu\/fr\/wp-json\/wp\/v2\/comments?post=210"}],"version-history":[{"count":8,"href":"https:\/\/dlmm.library.jhu.edu\/fr\/wp-json\/wp\/v2\/pages\/210\/revisions"}],"predecessor-version":[{"id":1068,"href":"https:\/\/dlmm.library.jhu.edu\/fr\/wp-json\/wp\/v2\/pages\/210\/revisions\/1068"}],"up":[{"embeddable":true,"href":"https:\/\/dlmm.library.jhu.edu\/fr\/wp-json\/wp\/v2\/pages\/219"}],"wp:attachment":[{"href":"https:\/\/dlmm.library.jhu.edu\/fr\/wp-json\/wp\/v2\/media?parent=210"}],"curies":[{"name":"wp","href":"https:\/\/api.w.org\/{rel}","templated":true}]}}