{"id":219,"date":"2017-09-06T17:35:15","date_gmt":"2017-09-06T17:35:15","guid":{"rendered":"http:\/\/dlmm.wpshared.library.jhu.edu\/?page_id=219"},"modified":"2021-05-03T20:22:00","modified_gmt":"2021-05-03T20:22:00","slug":"information-et-histoire-du-projet","status":"publish","type":"page","link":"https:\/\/dlmm.library.jhu.edu\/fr\/information-et-histoire-du-projet\/","title":{"rendered":"Information et histoire du projet"},"content":{"rendered":"<div class=\"wpb-content-wrapper\"><p>[vc_row][vc_column][vc_column_text]<\/p>\n<h2>Etape actuelle<\/h2>\n<p>En 2016, nous avons d\u00e9cid\u00e9 de moderniser notre lecteur de manuscrits et d\u2019opter pour quelque chose de compatible avec l\u2019interface IIIF. L\u2019utilisation de ce lecteur a \u00e9t\u00e9 inaugur\u00e9e en d\u00e9cembre 2017. La biblioth\u00e8que de la Rose a aussi rejoint une agr\u00e9gation virtuelle plus large, la Biblioth\u00e8que Num\u00e9rique des Manuscrits M\u00e9di\u00e9vaux, qui contient \u00e9galement le Scriptorium Num\u00e9rique de Christine de Pizan. L\u2019utilisation d\u2019un lecteur IIIF de concours avec un site WordPress nous permet d\u2019\u00eatre plus r\u00e9actifs aux futurs avancements num\u00e9riques et de moderniser nos comp\u00e9tences de mani\u00e8re plus fluide.<\/p>\n<h2>Etape 2<\/h2>\n<p>En 2007, la Biblioth\u00e8que Nationale de France et la Biblioth\u00e8que Num\u00e9rique du <em>Roman de la rose<\/em> ont inaugur\u00e9 un partenariat ayant pour objectif de num\u00e9riser tous les manuscrits de la <em>Rose<\/em> se trouvant \u00e0 Paris, ainsi que dans les biblioth\u00e8ques municipales et universitaires de France, pour le site internet. Avec le soutien financier de la fondation Andrew W. Mellon, ce projet collaboratif a rendu accessible pr\u00e8s de la moiti\u00e9 des quelques 300 manuscrits de la <em>Rose<\/em> connus. Ces manuscrits ont commenc\u00e9 \u00e0 para\u00eetre sur le site durant le mois de d\u00e9cembre 2009. Au fil du temps, des descriptions codicologiques de ces manuscrits et d\u2019autres contenus universitaires ont \u00e9t\u00e9 ajout\u00e9s au site que nous continuons d\u2019enrichir avec de nouvelles transcriptions, descriptions d\u2019images et m\u00e9tadonn\u00e9es de manuscrits.<\/p>\n<p>Deux expositions des manuscrits du <em>Roman de la rose<\/em> au Walters Art Museum de Baltimore et \u00e0 la Biblioth\u00e8que Nationale de France \u00e0 Paris ont aussi \u00e9t\u00e9 programm\u00e9es en lien avec la Biblioth\u00e8que Num\u00e9rique. L\u2019exposition au Walters Art Museum intitul\u00e9e \u201cRomance of the Rose: Illuminated Visions of a Medieval Masterpiece\u201d (\u00ab\u00a0La romance de la <em>Rose\u00a0<\/em>: visions illumin\u00e9es d\u2019un chef-d\u2019\u0153uvre m\u00e9di\u00e9val\u00a0\u00bb) se d\u00e9roula du 24 janvier au 19 avril 2009. L\u2019exposition de Paris aura lieu en 2010 ou 2011.<\/p>\n<h2>Projet initial<\/h2>\n<p>Le projet commen\u00e7a en 1996, lorsque Stephen G. Nichols et James M. Beall, respectivement Professeur de Fran\u00e7ais et Directeur du D\u00e9partement de langues et de litt\u00e9ratures romanes \u00e0 Johns Hopkins University, ont propos\u00e9 au personnel de la Milton S. Eisenhower Library de faire num\u00e9riser des manuscrits du <em>Roman de la Rose<\/em> \u00e0 des fins p\u00e9dagogiques. Gr\u00e2ce aux bourses de l\u2019Ameritech Library Services, du Getty Grant Program, de la Fondation Samuel H. Kress et de la Fondation Gladys Krieble Delmas, l\u2019Eisenhower Library a cr\u00e9\u00e9 le prototype du <em>Roman de la Rose<\/em>: Digital Surrogates of Medieval Manuscripts (<em>Roman de la Rose<\/em> : copies num\u00e9riques de manuscrits m\u00e9di\u00e9vaux) sur ce site, qui a fini par inclure six manuscrits du roman provenant de plusieurs biblioth\u00e8ques des Etats-Unis et du Royaume-Uni.<\/p>\n<p>Gr\u00e2ce \u00e0 la g\u00e9n\u00e9rosit\u00e9 et \u00e0 l\u2019expertise des conservateurs du Walters Art Museum \u00e0 Baltimore, de la Morgan Library &amp; Museum \u00e0 New York et de la Bodleian Library \u00e0 Oxford, ainsi qu\u2019aux pr\u00e9cieux conseils de la communaut\u00e9 acad\u00e9mique, le prototype du site a \u00e9t\u00e9 rendu possible et s\u2019est am\u00e9lior\u00e9 avec le temps.<\/p>\n<p>En 1998, un atelier rassemblant chercheurs, biblioth\u00e9caires, conservateurs et techniciens, a \u00e9valu\u00e9 le prototype et sugg\u00e9r\u00e9 que le projet s\u2019oriente vers la cr\u00e9ation d\u2019une biblioth\u00e8que num\u00e9rique comprenant davantage de manuscrits et de possibilit\u00e9s de recherche. D\u2019autres manuscrits du Roman de la Rose \u2013 un de Chicago, un de Paris, deux du Japon, deux issus de collections priv\u00e9es, ainsi que deux livres imprim\u00e9s aux XVe et XVIe si\u00e8cles actuellement disponibles \u00e0 Washington D.C. \u2013 ont \u00e9t\u00e9 scann\u00e9s afin que leurs images puissent \u00eatre mises \u00e0 la disposition des internautes. Tant pour les chercheurs que pour le public, l\u2019int\u00e9r\u00eat d\u2019une telle initiative est consid\u00e9rable : il est d\u00e9sormais possible d\u2019acc\u00e9der en ligne \u00e0 plusieurs exemplaires d\u2019un m\u00eame texte d\u00e9tenus par des biblioth\u00e8ques diff\u00e9rentes et auxquels il n\u2019a pas toujours \u00e9t\u00e9 ais\u00e9 d\u2019avoir acc\u00e8s.[\/vc_column_text][\/vc_column][\/vc_row]<\/p>\n<\/div>","protected":false},"excerpt":{"rendered":"<p>[vc_row][vc_column][vc_column_text] Etape actuelle En 2016, nous avons d\u00e9cid\u00e9 de moderniser notre lecteur de manuscrits et d\u2019opter pour quelque chose de compatible avec l\u2019interface IIIF. L\u2019utilisation de ce lecteur a \u00e9t\u00e9 [&hellip;]<\/p>\n","protected":false},"author":43,"featured_media":0,"parent":0,"menu_order":0,"comment_status":"closed","ping_status":"closed","template":"","meta":{"_acf_changed":false,"footnotes":""},"class_list":["post-219","page","type-page","status-publish","hentry"],"acf":[],"_links":{"self":[{"href":"https:\/\/dlmm.library.jhu.edu\/fr\/wp-json\/wp\/v2\/pages\/219","targetHints":{"allow":["GET"]}}],"collection":[{"href":"https:\/\/dlmm.library.jhu.edu\/fr\/wp-json\/wp\/v2\/pages"}],"about":[{"href":"https:\/\/dlmm.library.jhu.edu\/fr\/wp-json\/wp\/v2\/types\/page"}],"author":[{"embeddable":true,"href":"https:\/\/dlmm.library.jhu.edu\/fr\/wp-json\/wp\/v2\/users\/43"}],"replies":[{"embeddable":true,"href":"https:\/\/dlmm.library.jhu.edu\/fr\/wp-json\/wp\/v2\/comments?post=219"}],"version-history":[{"count":3,"href":"https:\/\/dlmm.library.jhu.edu\/fr\/wp-json\/wp\/v2\/pages\/219\/revisions"}],"predecessor-version":[{"id":1064,"href":"https:\/\/dlmm.library.jhu.edu\/fr\/wp-json\/wp\/v2\/pages\/219\/revisions\/1064"}],"wp:attachment":[{"href":"https:\/\/dlmm.library.jhu.edu\/fr\/wp-json\/wp\/v2\/media?parent=219"}],"curies":[{"name":"wp","href":"https:\/\/api.w.org\/{rel}","templated":true}]}}