{"id":224,"date":"2017-09-06T17:38:27","date_gmt":"2017-09-06T17:38:27","guid":{"rendered":"http:\/\/dlmm.wpshared.library.jhu.edu\/?page_id=224"},"modified":"2021-05-03T20:25:54","modified_gmt":"2021-05-03T20:25:54","slug":"dons","status":"publish","type":"page","link":"https:\/\/dlmm.library.jhu.edu\/fr\/information-et-histoire-du-projet\/dons\/","title":{"rendered":"Dons"},"content":{"rendered":"<div class=\"wpb-content-wrapper\"><p>[vc_row][vc_column][vc_column_text]Nous vous remercions pour votre int\u00e9r\u00eat pour la Biblioth\u00e8que Num\u00e9rique du <em>Roman de la Rose<\/em>. Le soutien g\u00e9n\u00e9reux de la fondation Andrew W. Mellon nous a permis de d\u00e9velopper cette ressource mais votre contribution sera n\u00e9cessaire pour le maintien et les am\u00e9liorations futures de la Biblioth\u00e8que Num\u00e9rique.<\/p>\n<p>Vous pouvez faire un don en envoyant un ch\u00e8que \u00e0 l\u2019ordre du \u00ab\u00a0<em>Roman de la Rose <\/em>Digital Library\u00a0\u00bb \u00e0 l\u2019adresse suivante\u00a0:<\/p>\n<p>Office of Development<br \/>\nMilton S. Eisenhower Library<br \/>\nJohns Hopkins University<br \/>\n3400 N. Charles Street<br \/>\nBaltimore, Maryland, 21218<\/p>\n<p>Si vous avez des questions concernant l\u2019envoi d\u2019un don, n\u2019h\u00e9sitez pas \u00e0 nous envoyer un email \u00e0 l\u2019adresse suivante\u00a0: <a href=\"mailto:contactus@romandelarose.org\">contactus@romandelarose.org<\/a>[\/vc_column_text][\/vc_column][\/vc_row]<\/p>\n<\/div>","protected":false},"excerpt":{"rendered":"<p>[vc_row][vc_column][vc_column_text]Nous vous remercions pour votre int\u00e9r\u00eat pour la Biblioth\u00e8que Num\u00e9rique du Roman de la Rose. Le soutien g\u00e9n\u00e9reux de la fondation Andrew W. Mellon nous a permis de d\u00e9velopper cette [&hellip;]<\/p>\n","protected":false},"author":43,"featured_media":0,"parent":219,"menu_order":0,"comment_status":"closed","ping_status":"closed","template":"","meta":{"_acf_changed":false,"footnotes":""},"class_list":["post-224","page","type-page","status-publish","hentry"],"acf":[],"_links":{"self":[{"href":"https:\/\/dlmm.library.jhu.edu\/fr\/wp-json\/wp\/v2\/pages\/224","targetHints":{"allow":["GET"]}}],"collection":[{"href":"https:\/\/dlmm.library.jhu.edu\/fr\/wp-json\/wp\/v2\/pages"}],"about":[{"href":"https:\/\/dlmm.library.jhu.edu\/fr\/wp-json\/wp\/v2\/types\/page"}],"author":[{"embeddable":true,"href":"https:\/\/dlmm.library.jhu.edu\/fr\/wp-json\/wp\/v2\/users\/43"}],"replies":[{"embeddable":true,"href":"https:\/\/dlmm.library.jhu.edu\/fr\/wp-json\/wp\/v2\/comments?post=224"}],"version-history":[{"count":4,"href":"https:\/\/dlmm.library.jhu.edu\/fr\/wp-json\/wp\/v2\/pages\/224\/revisions"}],"predecessor-version":[{"id":1069,"href":"https:\/\/dlmm.library.jhu.edu\/fr\/wp-json\/wp\/v2\/pages\/224\/revisions\/1069"}],"up":[{"embeddable":true,"href":"https:\/\/dlmm.library.jhu.edu\/fr\/wp-json\/wp\/v2\/pages\/219"}],"wp:attachment":[{"href":"https:\/\/dlmm.library.jhu.edu\/fr\/wp-json\/wp\/v2\/media?parent=224"}],"curies":[{"name":"wp","href":"https:\/\/api.w.org\/{rel}","templated":true}]}}