{"id":240,"date":"2017-08-31T18:39:42","date_gmt":"2017-08-31T18:39:42","guid":{"rendered":"http:\/\/dlmm.wpshared.library.jhu.edu\/?page_id=240"},"modified":"2025-01-07T14:20:30","modified_gmt":"2025-01-07T14:20:30","slug":"bibliotheque-numerique-des-manuscrits-medievaux","status":"publish","type":"page","link":"https:\/\/dlmm.library.jhu.edu\/fr\/","title":{"rendered":"Biblioth\u00e8que num\u00e9rique des manuscrits m\u00e9di\u00e9vaux"},"content":{"rendered":"<div class=\"wpb-content-wrapper\"><p>[vc_row css=&#8221;.vc_custom_1606846071638{margin-bottom: 25px !important;}&#8221;][vc_column width=&#8221;3\/5&#8243;][vc_column_text]<\/p>\n<h2>Etudiez les manuscrits m\u00e9di\u00e9vaux en ligne<\/h2>\n<p style=\"margin-top: 60px;\"><em><span class=\"text-gray\" style=\"font-size: 1.4em;\">Durant ces 20 derni\u00e8res ann\u00e9es, l\u2019\u00e9tude des manuscrits m\u00e9di\u00e9vaux a \u00e9t\u00e9 r\u00e9volutionn\u00e9e par la num\u00e9risation.<\/span><\/em><\/p>\n<p style=\"margin-top: 40px;\"><span class=\"text-gray\" style=\"font-size: 1.4em;\">Cette biblioth\u00e8que de manuscrits c\u00e9l\u00e8bre les progr\u00e8s dans le domaine des humanit\u00e9s num\u00e9riques en regroupant des ouvrages provenant de biblioth\u00e8ques du monde entier afin de comparer des manuscrits apparent\u00e9s les uns \u00e0 c\u00f4t\u00e9 des autres dans un environnement num\u00e9rique. <\/span><\/p>\n<p>[\/vc_column_text][vc_column_text css=&#8221;.vc_custom_1620141141286{margin-top: 125px !important;}&#8221;]<em>La Biblioth\u00e8que Num\u00e9rique des Manuscrits M\u00e9di\u00e9vaux est une initiative <a href=\"https:\/\/library.jhu.edu\/\">des biblioth\u00e8ques Sheridan de la Johns Hopkins University<\/a>, mais ne pourrait \u00eatre rendue possible sans <a href=\"https:\/\/dlmm.library.jhu.edu\/fr\/information-et-histoire-du-projet\/collaborateurs\/\">de nombreux partenaires et donateurs<\/a> avec lesquels nous avons eu l\u2019honneur de travailler durant ces deux derni\u00e8res d\u00e9cennies. <\/em>[\/vc_column_text][\/vc_column][vc_column width=&#8221;2\/5&#8243; css=&#8221;.vc_custom_1597263170391{background-color: #f7f7f7 !important;}&#8221;][vc_column_text]<\/p>\n<h2>Lecteur de manuscrits<\/h2>\n<hr \/>\n<p>[\/vc_column_text][vc_row_inner][vc_column_inner width=&#8221;1\/2&#8243;][vc_single_image source=&#8221;external_link&#8221; external_img_size=&#8221;353&#215;353&#8243; external_style=&#8221;vc_box_outline_circle&#8221; onclick=&#8221;custom_link&#8221; link=&#8221;http:\/\/dlmm.library.jhu.edu\/viewer\/#rose&#8221; custom_src=&#8221;https:\/\/dlmm.library.jhu.edu\/wp-content\/uploads\/sites\/26\/2017\/12\/Dream_Scipio_Getty_Ludwig_XV_7-353&#215;353.png&#8221; caption=&#8221;Le r\u00eave de Scipio, dans le Roman de la Rose. J. Paul Getty Museum, Ludwig XV 7, f. lr&#8221;][vc_column_text]<\/p>\n<p style=\"text-align: center;\"><a class=\"btn-blue-arrow\" href=\"http:\/\/dlmm.library.jhu.edu\/viewer\/#rose\">Parcourir la Biblioth\u00e8que Num\u00e9rique du Roman de la Rose<\/a><\/p>\n<p>[\/vc_column_text][\/vc_column_inner][vc_column_inner width=&#8221;1\/2&#8243;][vc_single_image source=&#8221;external_link&#8221; external_img_size=&#8221;519&#215;519&#8243; external_style=&#8221;vc_box_outline_circle&#8221; onclick=&#8221;custom_link&#8221; link=&#8221;http:\/\/dlmm.library.jhu.edu\/viewer\/#pizan&#8221; custom_src=&#8221;https:\/\/dlmm.library.jhu.edu\/wp-content\/uploads\/sites\/26\/2017\/12\/Pizan_Arsenal_2681_4r-519&#215;519.png&#8221; caption=&#8221;Christine de Pizan repr\u00e9sent\u00e9e dans le manuscrit de la Biblioth\u00e8que Nationale de France, Arsenal 2681, f. 4r&#8221;][vc_column_text]<\/p>\n<p style=\"text-align: center;\"><a class=\"btn-blue-arrow\" href=\"http:\/\/dlmm.library.jhu.edu\/viewer\/#pizan\">Parcourir le Scriptorium Num\u00e9rique de Christine de Pizan<\/a><\/p>\n<p>[\/vc_column_text][\/vc_column_inner][\/vc_row_inner][\/vc_column][\/vc_row][vc_row][vc_column][vc_column_text]<\/p>\n<h2><a href=\"https:\/\/dlmm.library.jhu.edu\/fr\/bibliotheque-numerique-des-manuscrits-medievaux\/etudes-de-cas\/\"><strong>\u00c9tudes de cas<\/strong><\/a><\/h2>\n<p>[\/vc_column_text][\/vc_column][\/vc_row]<\/p>\n<\/div>","protected":false},"excerpt":{"rendered":"<p>[vc_row css=&#8221;.vc_custom_1606846071638{margin-bottom: 25px !important;}&#8221;][vc_column width=&#8221;3\/5&#8243;][vc_column_text] Etudiez les manuscrits m\u00e9di\u00e9vaux en ligne Durant ces 20 derni\u00e8res ann\u00e9es, l\u2019\u00e9tude des manuscrits m\u00e9di\u00e9vaux a \u00e9t\u00e9 r\u00e9volutionn\u00e9e par la num\u00e9risation. Cette biblioth\u00e8que de manuscrits [&hellip;]<\/p>\n","protected":false},"author":43,"featured_media":0,"parent":0,"menu_order":0,"comment_status":"closed","ping_status":"closed","template":"template_nosidebar.php","meta":{"_acf_changed":false,"footnotes":""},"class_list":["post-240","page","type-page","status-publish","hentry"],"acf":[],"_links":{"self":[{"href":"https:\/\/dlmm.library.jhu.edu\/fr\/wp-json\/wp\/v2\/pages\/240","targetHints":{"allow":["GET"]}}],"collection":[{"href":"https:\/\/dlmm.library.jhu.edu\/fr\/wp-json\/wp\/v2\/pages"}],"about":[{"href":"https:\/\/dlmm.library.jhu.edu\/fr\/wp-json\/wp\/v2\/types\/page"}],"author":[{"embeddable":true,"href":"https:\/\/dlmm.library.jhu.edu\/fr\/wp-json\/wp\/v2\/users\/43"}],"replies":[{"embeddable":true,"href":"https:\/\/dlmm.library.jhu.edu\/fr\/wp-json\/wp\/v2\/comments?post=240"}],"version-history":[{"count":13,"href":"https:\/\/dlmm.library.jhu.edu\/fr\/wp-json\/wp\/v2\/pages\/240\/revisions"}],"predecessor-version":[{"id":1264,"href":"https:\/\/dlmm.library.jhu.edu\/fr\/wp-json\/wp\/v2\/pages\/240\/revisions\/1264"}],"wp:attachment":[{"href":"https:\/\/dlmm.library.jhu.edu\/fr\/wp-json\/wp\/v2\/media?parent=240"}],"curies":[{"name":"wp","href":"https:\/\/api.w.org\/{rel}","templated":true}]}}