{"id":247,"date":"2017-09-06T18:59:32","date_gmt":"2017-09-06T18:59:32","guid":{"rendered":"http:\/\/dlmm.wpshared.library.jhu.edu\/?page_id=247"},"modified":"2021-05-03T20:26:17","modified_gmt":"2021-05-03T20:26:17","slug":"contactez-nous","status":"publish","type":"page","link":"https:\/\/dlmm.library.jhu.edu\/fr\/information-et-histoire-du-projet\/contactez-nous\/","title":{"rendered":"Contactez-nous"},"content":{"rendered":"<h3>R\u00e9actions \u00e0 propos du site Internet<\/h3>\n<p>Vous pouvez contribuer \u00e0 l&#8217;am\u00e9lioration de tous les sites de la Biblioth\u00e8que num\u00e9rique des manuscrits m\u00e9di\u00e9vaux. Vos corrections, signalement d&#8217;erreurs de traduction ou transcriptions de feuillets additionnels sont les bienvenus. Veuillez nous contacter \u00e0 l&#8217;adresse \u00e9lectronique suivante :\u00a0<a href=\"mailto:contactus@romandelarose.org\">contactus@romandelarose.org<\/a>\u00a0pour tout probl\u00e8me concernant le contenu du site ou pour l&#8217;ajout de nouveaux supports.<\/p>\n<h3>Conditions de visualisation<\/h3>\n<p>Ce site est compatible avec les navigateurs les plus courants: Chrome, Firefox, Internet Explorer et Safari. Des erreurs sont possibles avec des versions anciennes de ces navigateurs.\u00a0JavaScript doit \u00eatre activ\u00e9 dans votre navigateur. En cas de probl\u00e8me technique lors de l&#8217;utilisation de ce site, envoyez vos questions ou commentaires au Webmestre, \u00e0 l&#8217;adresse suivante:\u00a0<a href=\"mailto:contactus@romandelarose.org\">contactus@romandelarose.org<\/a><\/p>\n","protected":false},"excerpt":{"rendered":"<p>R\u00e9actions \u00e0 propos du site Internet Vous pouvez contribuer \u00e0 l&#8217;am\u00e9lioration de tous les sites de la Biblioth\u00e8que num\u00e9rique des manuscrits m\u00e9di\u00e9vaux. Vos corrections, signalement d&#8217;erreurs de traduction ou transcriptions [&hellip;]<\/p>\n","protected":false},"author":43,"featured_media":0,"parent":219,"menu_order":0,"comment_status":"closed","ping_status":"closed","template":"","meta":{"_acf_changed":false,"footnotes":""},"class_list":["post-247","page","type-page","status-publish","hentry"],"acf":[],"_links":{"self":[{"href":"https:\/\/dlmm.library.jhu.edu\/fr\/wp-json\/wp\/v2\/pages\/247","targetHints":{"allow":["GET"]}}],"collection":[{"href":"https:\/\/dlmm.library.jhu.edu\/fr\/wp-json\/wp\/v2\/pages"}],"about":[{"href":"https:\/\/dlmm.library.jhu.edu\/fr\/wp-json\/wp\/v2\/types\/page"}],"author":[{"embeddable":true,"href":"https:\/\/dlmm.library.jhu.edu\/fr\/wp-json\/wp\/v2\/users\/43"}],"replies":[{"embeddable":true,"href":"https:\/\/dlmm.library.jhu.edu\/fr\/wp-json\/wp\/v2\/comments?post=247"}],"version-history":[{"count":5,"href":"https:\/\/dlmm.library.jhu.edu\/fr\/wp-json\/wp\/v2\/pages\/247\/revisions"}],"predecessor-version":[{"id":1070,"href":"https:\/\/dlmm.library.jhu.edu\/fr\/wp-json\/wp\/v2\/pages\/247\/revisions\/1070"}],"up":[{"embeddable":true,"href":"https:\/\/dlmm.library.jhu.edu\/fr\/wp-json\/wp\/v2\/pages\/219"}],"wp:attachment":[{"href":"https:\/\/dlmm.library.jhu.edu\/fr\/wp-json\/wp\/v2\/media?parent=247"}],"curies":[{"name":"wp","href":"https:\/\/api.w.org\/{rel}","templated":true}]}}