{"id":44,"date":"2017-08-10T16:09:06","date_gmt":"2017-08-10T16:09:06","guid":{"rendered":"http:\/\/dlmm.wpshared.library.jhu.edu\/?page_id=44"},"modified":"2021-05-03T20:17:25","modified_gmt":"2021-05-03T20:17:25","slug":"manuscrits-de-la-rose","status":"publish","type":"page","link":"https:\/\/dlmm.library.jhu.edu\/fr\/bibliotheque-numerique-du-roman-de-la-rose\/manuscrits-de-la-rose\/","title":{"rendered":"Manuscrits de la Rose"},"content":{"rendered":"<div class=\"wpb-content-wrapper\"><p>[vc_row][vc_column][vc_column_text]<\/p>\n<h2>Corpus de manuscrits<\/h2>\n<p>Un tableau r\u00e9capitulatif de tous les manuscrits et fragments de manuscrits connus de la\u00a0<em>Rose<\/em>\u00a0est disponible dans <a href=\"https:\/\/docs.google.com\/spreadsheets\/d\/10CB49KODbQ0Vl_rnJUyLYM0awKu_VXvrJ46QyZsFczk\/edit?usp=sharing\">Googledocs<\/a> [ce document].<\/p>\n<p>Ils sont class\u00e9s par ordre alphab\u00e9tique et par pays (non pas le pays d\u2019origine du manuscrit, mais celui o\u00f9 il se trouve actuellement). Les trois colonnes suivantes indiquent la localisation, l\u2019institution ainsi que la cote. La quatri\u00e8me colonne, \u00ab\u00a0Olim,\u00a0\u00bb signale les anciens noms et anciennes cotes de l\u2019ouvrage. Dans les deux colonnes suivantes, \u00ab\u00a0<em>De la Rose<\/em>\u00a0\u00bb et \u00ab\u00a0Langlois,\u00a0\u00bb les lettres \u00ab\u00a0Y\u00a0\u00bb (yes) et \u00ab\u00a0N\u00a0\u00bb (no) indiquent si le manuscrit est mentionn\u00e9 dans\u00a0<em>De la Rose: texte, image, fortune<\/em>\u00a0(2006), de Catherine Bel et Herman Braet et dans\u00a0<em>Les Manuscrits du Roman de la Rose, description et classement<\/em>\u00a0(1910), d\u2019Ernest Langlois.<\/p>\n<p>Ce document est en constante \u00e9volution et sera mis \u00e0 jour au fur et \u00e0 mesure que nous prendrons connaissance des manuscrits qui n\u2019ont pas \u00e9t\u00e9 rep\u00e9r\u00e9s auparavant. Ceux qui disposent d\u2019informations sur de tels manuscrits, qui rep\u00e8rent des lacunes dans notre liste, ou y rel\u00e8vent d\u2019autres erreurs sont pri\u00e9s de contacter le Professeur Timothy Stinson:\u00a0<a href=\"mailto:tlstinson@gmail.com\">tlstinson@gmail.com<\/a>\u00a0ou le Dr. Mackenzie Zalin: <a href=\"mailto:mzalin1@jhu.edu\">mzalin1@jhu.edu<\/a>.[\/vc_column_text][\/vc_column][\/vc_row]<\/p>\n<\/div>","protected":false},"excerpt":{"rendered":"<p>[vc_row][vc_column][vc_column_text] Corpus de manuscrits Un tableau r\u00e9capitulatif de tous les manuscrits et fragments de manuscrits connus de la\u00a0Rose\u00a0est disponible dans Googledocs [ce document]. Ils sont class\u00e9s par ordre alphab\u00e9tique et [&hellip;]<\/p>\n","protected":false},"author":43,"featured_media":0,"parent":133,"menu_order":2,"comment_status":"closed","ping_status":"closed","template":"","meta":{"_acf_changed":false,"footnotes":""},"class_list":["post-44","page","type-page","status-publish","hentry"],"acf":[],"_links":{"self":[{"href":"https:\/\/dlmm.library.jhu.edu\/fr\/wp-json\/wp\/v2\/pages\/44","targetHints":{"allow":["GET"]}}],"collection":[{"href":"https:\/\/dlmm.library.jhu.edu\/fr\/wp-json\/wp\/v2\/pages"}],"about":[{"href":"https:\/\/dlmm.library.jhu.edu\/fr\/wp-json\/wp\/v2\/types\/page"}],"author":[{"embeddable":true,"href":"https:\/\/dlmm.library.jhu.edu\/fr\/wp-json\/wp\/v2\/users\/43"}],"replies":[{"embeddable":true,"href":"https:\/\/dlmm.library.jhu.edu\/fr\/wp-json\/wp\/v2\/comments?post=44"}],"version-history":[{"count":10,"href":"https:\/\/dlmm.library.jhu.edu\/fr\/wp-json\/wp\/v2\/pages\/44\/revisions"}],"predecessor-version":[{"id":1056,"href":"https:\/\/dlmm.library.jhu.edu\/fr\/wp-json\/wp\/v2\/pages\/44\/revisions\/1056"}],"up":[{"embeddable":true,"href":"https:\/\/dlmm.library.jhu.edu\/fr\/wp-json\/wp\/v2\/pages\/133"}],"wp:attachment":[{"href":"https:\/\/dlmm.library.jhu.edu\/fr\/wp-json\/wp\/v2\/media?parent=44"}],"curies":[{"name":"wp","href":"https:\/\/api.w.org\/{rel}","templated":true}]}}