{"id":597,"date":"2017-12-10T20:59:04","date_gmt":"2017-12-10T20:59:04","guid":{"rendered":"https:\/\/dlmm.library.jhu.edu\/?page_id=597"},"modified":"2021-06-01T18:37:04","modified_gmt":"2021-06-01T18:37:04","slug":"comment-utiliser-le-visualisuer-iiif","status":"publish","type":"page","link":"https:\/\/dlmm.library.jhu.edu\/fr\/information-et-histoire-du-projet\/comment-utiliser-le-visualisuer-iiif\/","title":{"rendered":"Comment Utiliser le Visualiseur IIIF"},"content":{"rendered":"<div class=\"wpb-content-wrapper\"><p>[vc_row][vc_column][vc_column_text]Cette page fournit les informations de base sur les fonctionnalit\u00e9s principales du lecteur de la Biblioth\u00e8que Num\u00e9rique des Manuscrits M\u00e9di\u00e9vaux et comment les utiliser\u00a0:<\/p>\n<ul>\n<li>Explorer la page d\u2019accueil du lecteur de la BNMM, s\u00e9lectionner des collections et utiliser les outils de recherche<\/li>\n<li>Visionner, manipuler et comparer les images<\/li>\n<li>Visionner les annotations<\/li>\n<li>Rechercher les m\u00e9tadonn\u00e9es et les annotations au sein des manuscrits<\/li>\n<\/ul>\n<p>Ce site et le lecteur fonctionnent avec les explorateurs standards tels que Chrome, Firefox, Internet Explorer et Safari. Les explorateurs plus anciens sont susceptibles d\u2019afficher des messages d\u2019erreur. Si vous rencontrez des difficult\u00e9s avec le site ou le lecteur, veuillez nous contacter.[\/vc_column_text][vc_single_image source=&#8221;external_link&#8221; external_img_size=&#8221;2100&#215;966&#8243; custom_src=&#8221;https:\/\/dlmm.library.jhu.edu\/wp-content\/uploads\/sites\/26\/2017\/12\/viewer_main_page.png&#8221; caption=&#8221;Image 1 : d\u2019accueil du lecteur IIIF de la BNMM&#8221;][vc_column_text]Dans l\u2019Image 1, vous pouvez voir la page d\u2019accueil du lecteur de la BNMM. Il s\u2019agit d\u2019une galerie regroupant tous les livres faisant partie du corpus de la BNMM. Les chiffres en magenta indiquent les parties importantes de cette page d\u2019accueil.<\/p>\n<ol>\n<li>En haut \u00e0 gauche de l\u2019\u00e9cran, vous pouvez cliquer sur le titre pour acc\u00e9der au site WordPress. Si le lecteur permet d\u2019explorer et de rechercher les manuscrits de la collection, ce co-site offre des informations \u00e0 propos du projet BNMM comme, entre autres, l\u2019histoire des projets, des informations \u00e0 propos des \u0153uvres repr\u00e9sent\u00e9es et des tableurs contenant les titres de manuscrits connus.<\/li>\n<li>En haut \u00e0 droite, vous pouvez cliquer sur \u00ab\u00a0About the viewer\u00a0\u00bb (\u00e0 propos du lecteur) pour acc\u00e9der \u00e0 cette page. Vous trouverez aussi des boutons pour changer la disposition de l\u2019\u00e9cran ou passer en mode plein \u00e9cran. Plus d\u2019information sur le changement de disposition ci-dessous.<\/li>\n<li>Dans le volet de gauche, vous pouvez s\u00e9lectionner une collection ou encore explorer\/rechercher les collections.<\/li>\n<li>A droite, vous pouvez faire d\u00e9filer le manuscrit au sein de la collection, chacun \u00e9tant identifi\u00e9 par une \u00e9tiquette, une br\u00e8ve description de son contenu, le si\u00e8cle de production du manuscrit et quelques vignettes correspondant au d\u00e9but du manuscrit.<\/li>\n<\/ol>\n<p>[\/vc_column_text][vc_single_image source=&#8221;external_link&#8221; external_img_size=&#8221;2522&#215;1158&#8243; custom_src=&#8221;https:\/\/dlmm.library.jhu.edu\/wp-content\/uploads\/sites\/26\/2017\/12\/viewer_choose_collection.png&#8221; caption=&#8221;Image 2 : Choisir une collection dans le lecteur de la BNMM&#8221;][vc_column_text]Dans l\u2019Image 2, le cadre magenta indique o\u00f9 vous pouvez s\u00e9lectionner une collection. Actuellement, vous pouvez explorer la BNMM dans son ensemble, ou uniquement les collections du <em>Roman de la rose<\/em> ou de Christine de Pizan respectivement.[\/vc_column_text][vc_single_image source=&#8221;external_link&#8221; external_img_size=&#8221;2531&#215;1239&#8243; custom_src=&#8221;https:\/\/dlmm.library.jhu.edu\/wp-content\/uploads\/sites\/26\/2017\/12\/viewer_main_page_browse.png&#8221; caption=&#8221;Image 3 : Explorer les manuscrits dans le lecteur de la BNMM&#8221;][vc_column_text]Vous pouvez utiliser la barre de recherche pour chercher des termes au sein des m\u00e9tadonn\u00e9es, des annotations et des transcriptions (voir le cadre magenta en haut de la page dans l\u2019Image 3). En cliquant sur le lien \u00ab\u00a0Advanced Search\u00a0\u00bb (Recherche avanc\u00e9e), vous pouvez affiner votre recherche pour chercher des termes au sein des descriptions des manuscrits, des titres, des personnes (habituellement des personnages, mais parfois des auteurs mentionn\u00e9s dans les transcriptions, repr\u00e9sent\u00e9s dans les images etc.), des lieux (comme ils sont mentionn\u00e9s dans les m\u00e9tadonn\u00e9es et les transcriptions), des copies de manuscrits et des transcriptions.<\/p>\n<p>La fonction \u00ab\u00a0Browse\u00a0\u00bb (Navigation \u2013 cadre magenta en bas de la page dans l\u2019image 3) permet d\u2019affiner la liste des manuscrits affich\u00e9s par appellation commune des manuscrits, position actuelle, nombre d\u2019illustration dans chaque codex, nombre de pages, origine des manuscrits, type de support mat\u00e9riel (parchemin ou papier) et s\u2019ils sont transcrits ou non.[\/vc_column_text][vc_single_image source=&#8221;external_link&#8221; external_img_size=&#8221;1400&#215;690&#8243; custom_src=&#8221;https:\/\/dlmm.library.jhu.edu\/wp-content\/uploads\/sites\/26\/2017\/12\/viewer_MS_annotations.png&#8221; caption=&#8221;Image 4 : Vue d\u2019ensemble des fonctions du lecteur&#8221;][vc_column_text]L\u2019Image 4 montre un \u00ab\u00a0espace de travail\u00a0\u00bb, \u00e0 savoir une interface du lecteur BNMM comprenant une image num\u00e9rique, sa transcription et une barre de recherche. Dans l\u2019espace de travail, vous pouvez faire d\u00e9filer les images en cliquant sur les fl\u00e8ches \u00e0 gauche et \u00e0 droite de l\u2019image.<\/p>\n<p>Les chiffres en magenta de l\u2019Image 4 indiquent\u00a0:<\/p>\n<ol>\n<li>Ajouter un objet\u00a0: cela vous permet de rajouter des volets d\u2019affichage. Un nouveau volet se pr\u00e9sente vide avec un bouton \u00ab\u00a0+\u00a0\u00bb qui, quand vous cliquez dessus, vous fera acc\u00e9der \u00e0 la galerie de manuscrits dans laquelle vous pouvez choisir une image \u00e0 ajouter \u00e0 ce volet. Cette fonction facilite la comparaison de deux manuscrits ou plus sur votre \u00e9cran. La fonctionnalit\u00e9 \u00ab\u00a0Change Layout\u00a0\u00bb (Changement de disposition) situ\u00e9e sur le ruban en haut de l\u2019\u00e9cran vous permet de contr\u00f4ler le nombre d\u2019images affich\u00e9es.<\/li>\n<li>Bouton d\u2019accueil (retour \u00e0 la galerie de manuscrits)<\/li>\n<li>Epingler la fen\u00eatre<\/li>\n<li>Activer\/d\u00e9sactiver les vignettes\u00a0: cliquer sur les trois petits carr\u00e9s en dessous de l\u2019image du manuscrit peut afficher\/cacher la galerie de vignette en bas de l\u2019\u00e9cran. Cliquer sur une des vignettes permet d\u2019ouvrir le livre en question dans l\u2019espace de travail.<\/li>\n<li>Ouvrir\/fermer la boite d\u2019annotation<\/li>\n<li>Ouvrir le menu de visionnage de l\u2019image\u00a0: cela vous permet de modifier l\u2019affichage des images, \u00e0 savoir en vignette ou en livre ouvert.<\/li>\n<li>Ouvrir la boite d\u2019informations\/de m\u00e9tadonn\u00e9es de l\u2019objet<\/li>\n<li>Mettre l\u2019\u00e9cran de travail en mode plein \u00e9cran<\/li>\n<li>La boite de contr\u00f4le vous permet de manipuler la taille, la position et la rotation de l\u2019image. Le bouton du milieu vous permet de restaurer l\u2019affichage initial de l\u2019image<\/li>\n<li>Le volet d\u2019annotation vous permet de voir les transcriptions ou les descriptions d\u2019images.<\/li>\n<\/ol>\n<p>[\/vc_column_text][vc_single_image source=&#8221;external_link&#8221; external_img_size=&#8221;2000&#215;968&#8243; custom_src=&#8221;https:\/\/dlmm.library.jhu.edu\/wp-content\/uploads\/sites\/26\/2017\/12\/viewer_MS_search.png&#8221; caption=&#8221;Image 5 : La barre lat\u00e9rale de recherche&#8221;][vc_column_text]Un onglet de la boite d\u2019annotation ouvre la barre de recherche (voir Image 5). Il existe deux fa\u00e7ons d\u2019effectuer une recherche dans la BNMM\u00a0: une simple recherche par mot-cl\u00e9 ou une recherche avanc\u00e9e. La recherche avanc\u00e9e permet une recherche au sein des transcriptions, des m\u00e9tadonn\u00e9es des manuscrits et des descriptions d\u2019image.[\/vc_column_text][\/vc_column][\/vc_row]<\/p>\n<\/div>","protected":false},"excerpt":{"rendered":"<p>[vc_row][vc_column][vc_column_text]Cette page fournit les informations de base sur les fonctionnalit\u00e9s principales du lecteur de la Biblioth\u00e8que Num\u00e9rique des Manuscrits M\u00e9di\u00e9vaux et comment les utiliser\u00a0: Explorer la page d\u2019accueil du lecteur [&hellip;]<\/p>\n","protected":false},"author":43,"featured_media":0,"parent":219,"menu_order":0,"comment_status":"closed","ping_status":"closed","template":"","meta":{"_acf_changed":false,"footnotes":""},"class_list":["post-597","page","type-page","status-publish","hentry"],"acf":[],"_links":{"self":[{"href":"https:\/\/dlmm.library.jhu.edu\/fr\/wp-json\/wp\/v2\/pages\/597","targetHints":{"allow":["GET"]}}],"collection":[{"href":"https:\/\/dlmm.library.jhu.edu\/fr\/wp-json\/wp\/v2\/pages"}],"about":[{"href":"https:\/\/dlmm.library.jhu.edu\/fr\/wp-json\/wp\/v2\/types\/page"}],"author":[{"embeddable":true,"href":"https:\/\/dlmm.library.jhu.edu\/fr\/wp-json\/wp\/v2\/users\/43"}],"replies":[{"embeddable":true,"href":"https:\/\/dlmm.library.jhu.edu\/fr\/wp-json\/wp\/v2\/comments?post=597"}],"version-history":[{"count":6,"href":"https:\/\/dlmm.library.jhu.edu\/fr\/wp-json\/wp\/v2\/pages\/597\/revisions"}],"predecessor-version":[{"id":1085,"href":"https:\/\/dlmm.library.jhu.edu\/fr\/wp-json\/wp\/v2\/pages\/597\/revisions\/1085"}],"up":[{"embeddable":true,"href":"https:\/\/dlmm.library.jhu.edu\/fr\/wp-json\/wp\/v2\/pages\/219"}],"wp:attachment":[{"href":"https:\/\/dlmm.library.jhu.edu\/fr\/wp-json\/wp\/v2\/media?parent=597"}],"curies":[{"name":"wp","href":"https:\/\/api.w.org\/{rel}","templated":true}]}}