{"id":947,"date":"2020-08-11T19:22:32","date_gmt":"2020-08-11T19:22:32","guid":{"rendered":"https:\/\/dlmm.library.jhu.edu\/?page_id=947"},"modified":"2021-05-03T20:20:32","modified_gmt":"2021-05-03T20:20:32","slug":"christine-de-pizan","status":"publish","type":"page","link":"https:\/\/dlmm.library.jhu.edu\/fr\/christine-de-pizan\/","title":{"rendered":"Scriptorium Num\u00e9rique de Christine de Pizan"},"content":{"rendered":"<div class=\"wpb-content-wrapper\"><p>[vc_row][vc_column][vc_column_text]Bienvenue dans le Scriptorium Num\u00e9rique de Christine de Pizan, un projet collaboratif <a href=\"http:\/\/www.library.jhu.edu\/\">de la biblioth\u00e8que Sheridan<\/a> de l\u2019universit\u00e9 Johns Hopkins, <a href=\"http:\/\/margot.uwaterloo.ca\/\">du projet MARGOT de l\u2019Universit\u00e9 de Waterloo<\/a> et <a href=\"http:\/\/www.bnf.fr\/\">de la Biblioth\u00e8que nationale de France (BnF)<\/a>. La cr\u00e9ation de cette ressource et la num\u00e9risation des manuscrits de la BnF ont \u00e9t\u00e9 rendues possibles gr\u00e2ce au soutien g\u00e9n\u00e9reux <a href=\"http:\/\/www.ontario.ca\/ministry-research-innovation\">du Minist\u00e8re de la Recherche et de l\u2019Innovation d\u2019Ontario<\/a>.<\/p>\n<p>L\u2019objectif du Scriptorium Num\u00e9rique de Christine de Pizan est de cr\u00e9er une base de donn\u00e9es num\u00e9rique de manuscrits contenant les travaux de cette auteure. Actuellement, nous disposons de 56 copies de ses travaux manuscrits, ce qui correspond \u00e0 la collection que poss\u00e8de la BnF, et notre collection continue de s\u2019agrandir. Ces manuscrits sont consultables dans notre <a href=\"https:\/\/dlmm.library.jhu.edu\/viewer\/?col=https:\/\/jdm.library.jhu.edu\/iiif-pres-dlmm\/pizan\/collection\">lecteur IIIF<\/a>.<\/p>\n<p>En plus de la num\u00e9risation compl\u00e8te des copies de ces manuscrits, ce Scriptorium Num\u00e9rique offre, entre autres, des descriptions codicologiques basiques et d\u00e9taill\u00e9es, une br\u00e8ve biographie de Christine de Pizan et un r\u00e9sum\u00e9 de ses contributions au climat litt\u00e9raire, socio-politique et culturel de la fin du Moyen-\u00c2ge en France et en Angleterre. Au sein de notre interface, les lecteurs peuvent explorer la collection de manuscrits selon des noms courants, des dates, des lieux actuels, des origines g\u00e9ographiques et le nombre de pages.<\/p>\n<p>Gr\u00e2ce aux efforts de l\u2019\u00e9quipe travaillant pour ce projet, le Scriptorium Num\u00e9rique a \u00e9t\u00e9 d\u00e9velopp\u00e9 en tant que ressource pour les universitaires et les \u00e9tudiants dans diverses disciplines, aussi bien que pour un public plus large. Tous les utilisateurs doivent lire et accepter <a href=\"https:\/\/dlmm.library.jhu.edu\/fr\/information-et-histoire-du-projet\/mentions-legales\/\">nos conditions g\u00e9n\u00e9rales d\u2019utilisation<\/a>.[\/vc_column_text][\/vc_column][\/vc_row]<\/p>\n<\/div>","protected":false},"excerpt":{"rendered":"<p>[vc_row][vc_column][vc_column_text]Bienvenue dans le Scriptorium Num\u00e9rique de Christine de Pizan, un projet collaboratif de la biblioth\u00e8que Sheridan de l\u2019universit\u00e9 Johns Hopkins, du projet MARGOT de l\u2019Universit\u00e9 de Waterloo et de la [&hellip;]<\/p>\n","protected":false},"author":45,"featured_media":0,"parent":0,"menu_order":0,"comment_status":"closed","ping_status":"closed","template":"","meta":{"_acf_changed":false,"footnotes":""},"class_list":["post-947","page","type-page","status-publish","hentry"],"acf":[],"_links":{"self":[{"href":"https:\/\/dlmm.library.jhu.edu\/fr\/wp-json\/wp\/v2\/pages\/947","targetHints":{"allow":["GET"]}}],"collection":[{"href":"https:\/\/dlmm.library.jhu.edu\/fr\/wp-json\/wp\/v2\/pages"}],"about":[{"href":"https:\/\/dlmm.library.jhu.edu\/fr\/wp-json\/wp\/v2\/types\/page"}],"author":[{"embeddable":true,"href":"https:\/\/dlmm.library.jhu.edu\/fr\/wp-json\/wp\/v2\/users\/45"}],"replies":[{"embeddable":true,"href":"https:\/\/dlmm.library.jhu.edu\/fr\/wp-json\/wp\/v2\/comments?post=947"}],"version-history":[{"count":6,"href":"https:\/\/dlmm.library.jhu.edu\/fr\/wp-json\/wp\/v2\/pages\/947\/revisions"}],"predecessor-version":[{"id":1061,"href":"https:\/\/dlmm.library.jhu.edu\/fr\/wp-json\/wp\/v2\/pages\/947\/revisions\/1061"}],"wp:attachment":[{"href":"https:\/\/dlmm.library.jhu.edu\/fr\/wp-json\/wp\/v2\/media?parent=947"}],"curies":[{"name":"wp","href":"https:\/\/api.w.org\/{rel}","templated":true}]}}